{"id":698,"date":"2023-06-16T11:34:07","date_gmt":"2023-06-16T09:34:07","guid":{"rendered":"http:\/\/neu.lhc-consulting.de\/impressum\/"},"modified":"2023-06-23T09:31:34","modified_gmt":"2023-06-23T07:31:34","slug":"aviso-legal","status":"publish","type":"page","link":"https:\/\/www.lhc-consulting.de\/es\/aviso-legal\/","title":{"rendered":"Aviso Legal"},"content":{"rendered":"\t\t<div data-elementor-type=\"wp-post\" data-elementor-id=\"698\" class=\"elementor elementor-698\">\n\t\t\t\t\t\t<section class=\"elementor-section elementor-top-section elementor-element elementor-element-26f1871 elementor-section-height-min-height elementor-section-boxed elementor-section-height-default elementor-section-items-middle wpr-particle-no wpr-jarallax-no wpr-parallax-no wpr-sticky-section-no wpr-equal-height-no\" data-id=\"26f1871\" data-element_type=\"section\" data-e-type=\"section\" data-settings=\"{&quot;background_background&quot;:&quot;classic&quot;}\">\n\t\t\t\t\t\t\t<div class=\"elementor-background-overlay\"><\/div>\n\t\t\t\t\t\t\t<div class=\"elementor-container elementor-column-gap-default\">\n\t\t\t\t\t<div class=\"elementor-column elementor-col-100 elementor-top-column elementor-element elementor-element-130b781\" data-id=\"130b781\" data-element_type=\"column\" data-e-type=\"column\">\n\t\t\t<div class=\"elementor-widget-wrap\">\n\t\t\t\t\t\t\t<\/div>\n\t\t<\/div>\n\t\t\t\t\t<\/div>\n\t\t<\/section>\n\t\t\t\t<section class=\"elementor-section elementor-top-section elementor-element elementor-element-b81f10c elementor-section-boxed elementor-section-height-default elementor-section-height-default wpr-particle-no wpr-jarallax-no wpr-parallax-no wpr-sticky-section-no wpr-equal-height-no\" data-id=\"b81f10c\" data-element_type=\"section\" data-e-type=\"section\" data-settings=\"{&quot;background_background&quot;:&quot;classic&quot;}\">\n\t\t\t\t\t\t<div class=\"elementor-container elementor-column-gap-default\">\n\t\t\t\t\t<div class=\"elementor-column elementor-col-100 elementor-top-column elementor-element elementor-element-ccac7f2\" data-id=\"ccac7f2\" data-element_type=\"column\" data-e-type=\"column\">\n\t\t\t<div class=\"elementor-widget-wrap elementor-element-populated\">\n\t\t\t\t\t\t<div class=\"elementor-element elementor-element-d59f6de elementor-widget elementor-widget-text-editor\" data-id=\"d59f6de\" data-element_type=\"widget\" data-e-type=\"widget\" data-widget_type=\"text-editor.default\">\n\t\t\t\t<div class=\"elementor-widget-container\">\n\t\t\t\t\t\t\t\t\t<p><span style=\"color: #ffffff;\"><span><span><a href=\"https:\/\/www.lhc-consulting.de\/es\/\">Home<\/a><\/span><\/span><\/span><br \/><span style=\"color: #ffffff;\"><\/span><\/p>\t\t\t\t\t\t\t\t<\/div>\n\t\t\t\t<\/div>\n\t\t\t\t\t<\/div>\n\t\t<\/div>\n\t\t\t\t\t<\/div>\n\t\t<\/section>\n\t\t\t\t<section class=\"elementor-section elementor-top-section elementor-element elementor-element-026ea4c elementor-section-boxed elementor-section-height-default elementor-section-height-default wpr-particle-no wpr-jarallax-no wpr-parallax-no wpr-sticky-section-no wpr-equal-height-no\" data-id=\"026ea4c\" data-element_type=\"section\" data-e-type=\"section\">\n\t\t\t\t\t\t<div class=\"elementor-container elementor-column-gap-default\">\n\t\t\t\t\t<div class=\"elementor-column elementor-col-100 elementor-top-column elementor-element elementor-element-e927527\" data-id=\"e927527\" data-element_type=\"column\" data-e-type=\"column\">\n\t\t\t<div class=\"elementor-widget-wrap elementor-element-populated\">\n\t\t\t\t\t\t<div class=\"elementor-element elementor-element-c501d7a elementor-widget elementor-widget-heading\" data-id=\"c501d7a\" data-element_type=\"widget\" data-e-type=\"widget\" data-widget_type=\"heading.default\">\n\t\t\t\t<div class=\"elementor-widget-container\">\n\t\t\t\t\t<h2 class=\"elementor-heading-title elementor-size-default\">Aviso legal\u200b<\/h2>\t\t\t\t<\/div>\n\t\t\t\t<\/div>\n\t\t\t\t<div class=\"elementor-element elementor-element-ad171bc elementor-widget elementor-widget-text-editor\" data-id=\"ad171bc\" data-element_type=\"widget\" data-e-type=\"widget\" data-widget_type=\"text-editor.default\">\n\t\t\t\t<div class=\"elementor-widget-container\">\n\t\t\t\t\t\t\t\t\t<p><b>Informaci\u00f3n seg\u00fan \u00a7 5 TMG (Ley Alemana de Telecommunicaci\u00f3n):<br>\n<\/b><\/p>\n<p><strong>LHC Hotel Consulting<\/strong><br>\n<strong>Arnd Lindenau,&nbsp;Director General<\/strong><\/p><p><b><br><\/b>\nTh\u00fcringer Strasse 29<br>\nD-97450 Arnstein, Alemania<\/p>\n<p><b>Representado por:<br>\n<\/b>Arnd Lindenau<\/p><p><br><\/p>\n<p><b>Contacto:<br>\n<\/b><\/p>\n<p>Telefon&nbsp;<span style=\"color: #ad0505;\"><a style=\"color: #ad0505;\" href=\"http:\/\/tel:+499363997780\" target=\"_blank\" rel=\"noopener\">+49 (0) 9363\/99 77 80<\/a><\/span><br>\nFax&nbsp;<span style=\"color: #ad0505;\"><a style=\"font-family: var( --e-global-typography-text-font-family ), Sans-serif; font-weight: var( --e-global-typography-text-font-weight ); background-color: #ffffff; color: #ad0505;\" href=\"http:\/\/fax:+4993639977\" target=\"_blank\" rel=\"noopener\">+49 (0) 9363\/99 77 85<\/a><\/span><\/p>\n<p><span style=\"color: #ad0505;\"><a style=\"color: #ad0505;\" href=\"mailto:info@LHC-Consulting.de\">info@LHC-Consulting.de<\/a><\/span><\/p><p><br><\/p>\n<p><b>N\u00famero Europeo de IVA:<br>\n<\/b>N\u00famero europeo de identificaci\u00f3n del IVA:<br>\nDE 239 188 599<\/p><p><br><\/p>\n<p><b>Cr\u00e9ditos de las im\u00e1genes:<br>\n<\/b>Adobe Stock Photos, Privado<\/p><p><br><\/p>\n<p><b>Resoluci\u00f3n de litigios:<\/b><\/p>\n<p>La Comisi\u00f3n Europea ofrece una plataforma para la resoluci\u00f3n de litigios en l\u00ednea (ODR):&nbsp;<span style=\"color: #ad0505;\"><a style=\"color: #ad0505;\" href=\"https:\/\/ec.europa.eu\/consumers\/odr\" target=\"_blank\" rel=\"noopener\">https:\/\/ec.europa.eu\/consumers\/odr<\/a>.<\/span><br>\nEncontrar\u00e1 nuestra direcci\u00f3n de correo electr\u00f3nico en el Aviso Legal anterior.<br>\nNo estamos dispuestos ni obligados a participar en procedimientos de resoluci\u00f3n de litigios ante una junta de arbitraje de consumo.<\/p>\t\t\t\t\t\t\t\t<\/div>\n\t\t\t\t<\/div>\n\t\t\t\t\t<\/div>\n\t\t<\/div>\n\t\t\t\t\t<\/div>\n\t\t<\/section>\n\t\t\t\t<section class=\"elementor-section elementor-top-section elementor-element elementor-element-e70a356 elementor-section-boxed elementor-section-height-default elementor-section-height-default wpr-particle-no wpr-jarallax-no wpr-parallax-no wpr-sticky-section-no wpr-equal-height-no\" data-id=\"e70a356\" data-element_type=\"section\" data-e-type=\"section\" data-settings=\"{&quot;background_background&quot;:&quot;classic&quot;}\">\n\t\t\t\t\t\t\t<div class=\"elementor-background-overlay\"><\/div>\n\t\t\t\t\t\t\t<div class=\"elementor-container elementor-column-gap-default\">\n\t\t\t\t\t<div class=\"elementor-column elementor-col-50 elementor-top-column elementor-element elementor-element-d678d53\" data-id=\"d678d53\" data-element_type=\"column\" data-e-type=\"column\">\n\t\t\t<div class=\"elementor-widget-wrap elementor-element-populated\">\n\t\t\t\t\t\t<div class=\"elementor-element elementor-element-0212946 elementor-widget elementor-widget-heading\" data-id=\"0212946\" data-element_type=\"widget\" data-e-type=\"widget\" data-widget_type=\"heading.default\">\n\t\t\t\t<div class=\"elementor-widget-container\">\n\t\t\t\t\t<h3 class=\"elementor-heading-title elementor-size-default\">\u00bfUsted tienen preguntas? \u00a1Estaremos encantados de asesorarle!\u200b<\/h3>\t\t\t\t<\/div>\n\t\t\t\t<\/div>\n\t\t\t\t\t<\/div>\n\t\t<\/div>\n\t\t\t\t<div class=\"elementor-column elementor-col-50 elementor-top-column elementor-element elementor-element-fd6f165\" data-id=\"fd6f165\" data-element_type=\"column\" data-e-type=\"column\">\n\t\t\t<div class=\"elementor-widget-wrap elementor-element-populated\">\n\t\t\t\t\t\t<div class=\"elementor-element elementor-element-2a8763a elementor-align-center elementor-mobile-align-left elementor-widget elementor-widget-button\" data-id=\"2a8763a\" data-element_type=\"widget\" data-e-type=\"widget\" data-widget_type=\"button.default\">\n\t\t\t\t<div class=\"elementor-widget-container\">\n\t\t\t\t\t\t\t\t\t<div class=\"elementor-button-wrapper\">\n\t\t\t\t\t<a class=\"elementor-button elementor-button-link elementor-size-lg\" href=\"\/es\/contacto\">\n\t\t\t\t\t\t<span class=\"elementor-button-content-wrapper\">\n\t\t\t\t\t\t\t\t\t<span class=\"elementor-button-text\">Cont\u00e1ctenos aqu\u00ed!<\/span>\n\t\t\t\t\t<\/span>\n\t\t\t\t\t<\/a>\n\t\t\t\t<\/div>\n\t\t\t\t\t\t\t\t<\/div>\n\t\t\t\t<\/div>\n\t\t\t\t\t<\/div>\n\t\t<\/div>\n\t\t\t\t\t<\/div>\n\t\t<\/section>\n\t\t\t\t<\/div>\n\t\t","protected":false},"excerpt":{"rendered":"<p>Aviso legal\u200b Informaci\u00f3n seg\u00fan \u00a7 5 TMG (Ley Alemana de Telecommunicaci\u00f3n): LHC Hotel Consulting Arnd Lindenau,&nbsp;Director General Th\u00fcringer Strasse 29 D-97450 Arnstein, Alemania Representado por: Arnd Lindenau Contacto: Telefon&nbsp;+49 (0) 9363\/99 77 80 Fax&nbsp;+49 (0) 9363\/99 77 85 info@LHC-Consulting.de N\u00famero Europeo de IVA: N\u00famero europeo de identificaci\u00f3n del IVA: DE 239 188 599 Cr\u00e9ditos de las im\u00e1genes: Adobe Stock Photos, Privado Resoluci\u00f3n de litigios: La Comisi\u00f3n Europea ofrece una plataforma para la resoluci\u00f3n de litigios en l\u00ednea (ODR):&nbsp;https:\/\/ec.europa.eu\/consumers\/odr. Encontrar\u00e1 nuestra direcci\u00f3n de correo electr\u00f3nico en el Aviso Legal anterior. No estamos dispuestos ni obligados a participar en procedimientos de resoluci\u00f3n de litigios ante una junta de arbitraje de consumo. \u00bfUsted tienen preguntas? \u00a1Estaremos encantados de asesorarle!\u200b Cont\u00e1ctenos aqu\u00ed!<\/p>\n","protected":false},"author":1,"featured_media":0,"parent":0,"menu_order":0,"comment_status":"closed","ping_status":"closed","template":"elementor_header_footer","meta":{"footnotes":""},"class_list":["post-698","page","type-page","status-publish","hentry","entry"],"yoast_head":"<!-- This site is optimized with the Yoast SEO plugin v27.0 - https:\/\/yoast.com\/product\/yoast-seo-wordpress\/ -->\n<title>Aviso Legal - LHC Consulting<\/title>\n<meta name=\"robots\" content=\"noindex, follow\" \/>\n<meta property=\"og:locale\" content=\"es_ES\" \/>\n<meta property=\"og:type\" content=\"article\" \/>\n<meta property=\"og:title\" content=\"Aviso Legal - LHC Consulting\" \/>\n<meta property=\"og:description\" content=\"Aviso legal\u200b Informaci\u00f3n seg\u00fan \u00a7 5 TMG (Ley Alemana de Telecommunicaci\u00f3n): LHC Hotel Consulting Arnd Lindenau,&nbsp;Director General Th\u00fcringer Strasse 29 D-97450 Arnstein, Alemania Representado por: Arnd Lindenau Contacto: Telefon&nbsp;+49 (0) 9363\/99 77 80 Fax&nbsp;+49 (0) 9363\/99 77 85 info@LHC-Consulting.de N\u00famero Europeo de IVA: N\u00famero europeo de identificaci\u00f3n del IVA: DE 239 188 599 Cr\u00e9ditos de las im\u00e1genes: Adobe Stock Photos, Privado Resoluci\u00f3n de litigios: La Comisi\u00f3n Europea ofrece una plataforma para la resoluci\u00f3n de litigios en l\u00ednea (ODR):&nbsp;https:\/\/ec.europa.eu\/consumers\/odr. Encontrar\u00e1 nuestra direcci\u00f3n de correo electr\u00f3nico en el Aviso Legal anterior. No estamos dispuestos ni obligados a participar en procedimientos de resoluci\u00f3n de litigios ante una junta de arbitraje de consumo. \u00bfUsted tienen preguntas? \u00a1Estaremos encantados de asesorarle!\u200b Cont\u00e1ctenos aqu\u00ed!\" \/>\n<meta property=\"og:url\" content=\"https:\/\/www.lhc-consulting.de\/impressum\/\" \/>\n<meta property=\"og:site_name\" content=\"LHC Consulting\" \/>\n<meta property=\"article:publisher\" content=\"https:\/\/www.facebook.com\/profile.php?id=100087898374630\" \/>\n<meta property=\"article:modified_time\" content=\"2023-06-23T07:31:34+00:00\" \/>\n<meta name=\"twitter:card\" content=\"summary_large_image\" \/>\n<meta name=\"twitter:label1\" content=\"Tiempo de lectura\" \/>\n\t<meta name=\"twitter:data1\" content=\"1 minuto\" \/>\n<script type=\"application\/ld+json\" class=\"yoast-schema-graph\">{\"@context\":\"https:\/\/schema.org\",\"@graph\":[{\"@type\":\"WebPage\",\"@id\":\"https:\/\/www.lhc-consulting.de\/impressum\/\",\"url\":\"https:\/\/www.lhc-consulting.de\/impressum\/\",\"name\":\"Aviso Legal - LHC Consulting\",\"isPartOf\":{\"@id\":\"https:\/\/www.lhc-consulting.de\/#website\"},\"datePublished\":\"2023-06-16T09:34:07+00:00\",\"dateModified\":\"2023-06-23T07:31:34+00:00\",\"breadcrumb\":{\"@id\":\"https:\/\/www.lhc-consulting.de\/impressum\/#breadcrumb\"},\"inLanguage\":\"es\",\"potentialAction\":[{\"@type\":\"ReadAction\",\"target\":[\"https:\/\/www.lhc-consulting.de\/impressum\/\"]}]},{\"@type\":\"BreadcrumbList\",\"@id\":\"https:\/\/www.lhc-consulting.de\/impressum\/#breadcrumb\",\"itemListElement\":[{\"@type\":\"ListItem\",\"position\":1,\"name\":\"Home\",\"item\":\"https:\/\/www.lhc-consulting.de\/es\/\"},{\"@type\":\"ListItem\",\"position\":2,\"name\":\"Aviso Legal\"}]},{\"@type\":\"WebSite\",\"@id\":\"https:\/\/www.lhc-consulting.de\/#website\",\"url\":\"https:\/\/www.lhc-consulting.de\/\",\"name\":\"LHC Consulting\",\"description\":\"Wir liefern den Erfolg f\u00fcr Ihr Hotel\",\"publisher\":{\"@id\":\"https:\/\/www.lhc-consulting.de\/#organization\"},\"potentialAction\":[{\"@type\":\"SearchAction\",\"target\":{\"@type\":\"EntryPoint\",\"urlTemplate\":\"https:\/\/www.lhc-consulting.de\/?s={search_term_string}\"},\"query-input\":{\"@type\":\"PropertyValueSpecification\",\"valueRequired\":true,\"valueName\":\"search_term_string\"}}],\"inLanguage\":\"es\"},{\"@type\":\"Organization\",\"@id\":\"https:\/\/www.lhc-consulting.de\/#organization\",\"name\":\"LHC Consulting\",\"url\":\"https:\/\/www.lhc-consulting.de\/\",\"logo\":{\"@type\":\"ImageObject\",\"inLanguage\":\"es\",\"@id\":\"https:\/\/www.lhc-consulting.de\/#\/schema\/logo\/image\/\",\"url\":\"https:\/\/www.lhc-consulting.de\/wp-content\/uploads\/2023\/06\/lhc-consulting-lindenau-logo.png\",\"contentUrl\":\"https:\/\/www.lhc-consulting.de\/wp-content\/uploads\/2023\/06\/lhc-consulting-lindenau-logo.png\",\"width\":500,\"height\":218,\"caption\":\"LHC Consulting\"},\"image\":{\"@id\":\"https:\/\/www.lhc-consulting.de\/#\/schema\/logo\/image\/\"},\"sameAs\":[\"https:\/\/www.facebook.com\/profile.php?id=100087898374630\",\"https:\/\/www.instagram.com\/lhc_consulting_\/?igshid=YmMyMTA2M2Y\"]}]}<\/script>\n<!-- \/ Yoast SEO plugin. -->","yoast_head_json":{"title":"Aviso Legal - LHC Consulting","robots":{"index":"noindex","follow":"follow"},"og_locale":"es_ES","og_type":"article","og_title":"Aviso Legal - LHC Consulting","og_description":"Aviso legal\u200b Informaci\u00f3n seg\u00fan \u00a7 5 TMG (Ley Alemana de Telecommunicaci\u00f3n): LHC Hotel Consulting Arnd Lindenau,&nbsp;Director General Th\u00fcringer Strasse 29 D-97450 Arnstein, Alemania Representado por: Arnd Lindenau Contacto: Telefon&nbsp;+49 (0) 9363\/99 77 80 Fax&nbsp;+49 (0) 9363\/99 77 85 info@LHC-Consulting.de N\u00famero Europeo de IVA: N\u00famero europeo de identificaci\u00f3n del IVA: DE 239 188 599 Cr\u00e9ditos de las im\u00e1genes: Adobe Stock Photos, Privado Resoluci\u00f3n de litigios: La Comisi\u00f3n Europea ofrece una plataforma para la resoluci\u00f3n de litigios en l\u00ednea (ODR):&nbsp;https:\/\/ec.europa.eu\/consumers\/odr. Encontrar\u00e1 nuestra direcci\u00f3n de correo electr\u00f3nico en el Aviso Legal anterior. No estamos dispuestos ni obligados a participar en procedimientos de resoluci\u00f3n de litigios ante una junta de arbitraje de consumo. \u00bfUsted tienen preguntas? \u00a1Estaremos encantados de asesorarle!\u200b Cont\u00e1ctenos aqu\u00ed!","og_url":"https:\/\/www.lhc-consulting.de\/impressum\/","og_site_name":"LHC Consulting","article_publisher":"https:\/\/www.facebook.com\/profile.php?id=100087898374630","article_modified_time":"2023-06-23T07:31:34+00:00","twitter_card":"summary_large_image","twitter_misc":{"Tiempo de lectura":"1 minuto"},"schema":{"@context":"https:\/\/schema.org","@graph":[{"@type":"WebPage","@id":"https:\/\/www.lhc-consulting.de\/impressum\/","url":"https:\/\/www.lhc-consulting.de\/impressum\/","name":"Aviso Legal - LHC Consulting","isPartOf":{"@id":"https:\/\/www.lhc-consulting.de\/#website"},"datePublished":"2023-06-16T09:34:07+00:00","dateModified":"2023-06-23T07:31:34+00:00","breadcrumb":{"@id":"https:\/\/www.lhc-consulting.de\/impressum\/#breadcrumb"},"inLanguage":"es","potentialAction":[{"@type":"ReadAction","target":["https:\/\/www.lhc-consulting.de\/impressum\/"]}]},{"@type":"BreadcrumbList","@id":"https:\/\/www.lhc-consulting.de\/impressum\/#breadcrumb","itemListElement":[{"@type":"ListItem","position":1,"name":"Home","item":"https:\/\/www.lhc-consulting.de\/es\/"},{"@type":"ListItem","position":2,"name":"Aviso Legal"}]},{"@type":"WebSite","@id":"https:\/\/www.lhc-consulting.de\/#website","url":"https:\/\/www.lhc-consulting.de\/","name":"LHC Consulting","description":"Wir liefern den Erfolg f\u00fcr Ihr Hotel","publisher":{"@id":"https:\/\/www.lhc-consulting.de\/#organization"},"potentialAction":[{"@type":"SearchAction","target":{"@type":"EntryPoint","urlTemplate":"https:\/\/www.lhc-consulting.de\/?s={search_term_string}"},"query-input":{"@type":"PropertyValueSpecification","valueRequired":true,"valueName":"search_term_string"}}],"inLanguage":"es"},{"@type":"Organization","@id":"https:\/\/www.lhc-consulting.de\/#organization","name":"LHC Consulting","url":"https:\/\/www.lhc-consulting.de\/","logo":{"@type":"ImageObject","inLanguage":"es","@id":"https:\/\/www.lhc-consulting.de\/#\/schema\/logo\/image\/","url":"https:\/\/www.lhc-consulting.de\/wp-content\/uploads\/2023\/06\/lhc-consulting-lindenau-logo.png","contentUrl":"https:\/\/www.lhc-consulting.de\/wp-content\/uploads\/2023\/06\/lhc-consulting-lindenau-logo.png","width":500,"height":218,"caption":"LHC Consulting"},"image":{"@id":"https:\/\/www.lhc-consulting.de\/#\/schema\/logo\/image\/"},"sameAs":["https:\/\/www.facebook.com\/profile.php?id=100087898374630","https:\/\/www.instagram.com\/lhc_consulting_\/?igshid=YmMyMTA2M2Y"]}]}},"_links":{"self":[{"href":"https:\/\/www.lhc-consulting.de\/es\/wp-json\/wp\/v2\/pages\/698","targetHints":{"allow":["GET"]}}],"collection":[{"href":"https:\/\/www.lhc-consulting.de\/es\/wp-json\/wp\/v2\/pages"}],"about":[{"href":"https:\/\/www.lhc-consulting.de\/es\/wp-json\/wp\/v2\/types\/page"}],"author":[{"embeddable":true,"href":"https:\/\/www.lhc-consulting.de\/es\/wp-json\/wp\/v2\/users\/1"}],"replies":[{"embeddable":true,"href":"https:\/\/www.lhc-consulting.de\/es\/wp-json\/wp\/v2\/comments?post=698"}],"version-history":[{"count":19,"href":"https:\/\/www.lhc-consulting.de\/es\/wp-json\/wp\/v2\/pages\/698\/revisions"}],"predecessor-version":[{"id":1849,"href":"https:\/\/www.lhc-consulting.de\/es\/wp-json\/wp\/v2\/pages\/698\/revisions\/1849"}],"wp:attachment":[{"href":"https:\/\/www.lhc-consulting.de\/es\/wp-json\/wp\/v2\/media?parent=698"}],"curies":[{"name":"wp","href":"https:\/\/api.w.org\/{rel}","templated":true}]}}