{"id":699,"date":"2023-06-16T11:22:00","date_gmt":"2023-06-16T09:22:00","guid":{"rendered":"http:\/\/neu.lhc-consulting.de\/kontakt\/"},"modified":"2023-06-23T09:23:19","modified_gmt":"2023-06-23T07:23:19","slug":"contacto","status":"publish","type":"page","link":"https:\/\/www.lhc-consulting.de\/es\/contacto\/","title":{"rendered":"Contacto"},"content":{"rendered":"\t\t<div data-elementor-type=\"wp-post\" data-elementor-id=\"699\" class=\"elementor elementor-699\">\n\t\t\t\t\t\t<section class=\"elementor-section elementor-top-section elementor-element elementor-element-26f1871 elementor-section-height-min-height elementor-section-boxed elementor-section-height-default elementor-section-items-middle wpr-particle-no wpr-jarallax-no wpr-parallax-no wpr-sticky-section-no wpr-equal-height-no\" data-id=\"26f1871\" data-element_type=\"section\" data-e-type=\"section\" data-settings=\"{&quot;background_background&quot;:&quot;classic&quot;}\">\n\t\t\t\t\t\t\t<div class=\"elementor-background-overlay\"><\/div>\n\t\t\t\t\t\t\t<div class=\"elementor-container elementor-column-gap-default\">\n\t\t\t\t\t<div class=\"elementor-column elementor-col-100 elementor-top-column elementor-element elementor-element-130b781\" data-id=\"130b781\" data-element_type=\"column\" data-e-type=\"column\">\n\t\t\t<div class=\"elementor-widget-wrap\">\n\t\t\t\t\t\t\t<\/div>\n\t\t<\/div>\n\t\t\t\t\t<\/div>\n\t\t<\/section>\n\t\t\t\t<section class=\"elementor-section elementor-top-section elementor-element elementor-element-b81f10c elementor-section-boxed elementor-section-height-default elementor-section-height-default wpr-particle-no wpr-jarallax-no wpr-parallax-no wpr-sticky-section-no wpr-equal-height-no\" data-id=\"b81f10c\" data-element_type=\"section\" data-e-type=\"section\" data-settings=\"{&quot;background_background&quot;:&quot;classic&quot;}\">\n\t\t\t\t\t\t<div class=\"elementor-container elementor-column-gap-default\">\n\t\t\t\t\t<div class=\"elementor-column elementor-col-100 elementor-top-column elementor-element elementor-element-ccac7f2\" data-id=\"ccac7f2\" data-element_type=\"column\" data-e-type=\"column\">\n\t\t\t<div class=\"elementor-widget-wrap elementor-element-populated\">\n\t\t\t\t\t\t<div class=\"elementor-element elementor-element-05a25e6 elementor-widget elementor-widget-text-editor\" data-id=\"05a25e6\" data-element_type=\"widget\" data-e-type=\"widget\" data-widget_type=\"text-editor.default\">\n\t\t\t\t<div class=\"elementor-widget-container\">\n\t\t\t\t\t\t\t\t\t<p><span style=\"color: #ffffff;\"><span><span><a href=\"https:\/\/www.lhc-consulting.de\/es\/\">Home<\/a><\/span><\/span><\/span><br \/><span style=\"color: #ffffff;\"><\/span><\/p>\t\t\t\t\t\t\t\t<\/div>\n\t\t\t\t<\/div>\n\t\t\t\t\t<\/div>\n\t\t<\/div>\n\t\t\t\t\t<\/div>\n\t\t<\/section>\n\t\t\t\t<section class=\"elementor-section elementor-top-section elementor-element elementor-element-02e7af7 elementor-section-boxed elementor-section-height-default elementor-section-height-default wpr-particle-no wpr-jarallax-no wpr-parallax-no wpr-sticky-section-no wpr-equal-height-no\" data-id=\"02e7af7\" data-element_type=\"section\" data-e-type=\"section\">\n\t\t\t\t\t\t<div class=\"elementor-container elementor-column-gap-default\">\n\t\t\t\t\t<div class=\"elementor-column elementor-col-50 elementor-top-column elementor-element elementor-element-a607978\" data-id=\"a607978\" data-element_type=\"column\" data-e-type=\"column\">\n\t\t\t<div class=\"elementor-widget-wrap elementor-element-populated\">\n\t\t\t\t\t\t<div class=\"elementor-element elementor-element-c501d7a elementor-widget elementor-widget-heading\" data-id=\"c501d7a\" data-element_type=\"widget\" data-e-type=\"widget\" data-widget_type=\"heading.default\">\n\t\t\t\t<div class=\"elementor-widget-container\">\n\t\t\t\t\t<h2 class=\"elementor-heading-title elementor-size-default\">Contacto\u200b<\/h2>\t\t\t\t<\/div>\n\t\t\t\t<\/div>\n\t\t\t\t<div class=\"elementor-element elementor-element-9f4e611 elementor-widget elementor-widget-text-editor\" data-id=\"9f4e611\" data-element_type=\"widget\" data-e-type=\"widget\" data-widget_type=\"text-editor.default\">\n\t\t\t\t<div class=\"elementor-widget-container\">\n\t\t\t\t\t\t\t\t\t<p><strong>LHC Hotel Consulting<\/strong><br \/><strong>Arnd Lindenau,\u00a0Director General<\/strong><\/p><p><strong>\u00a0<\/strong><\/p><p>Th\u00fcringer Strasse 29<br \/>D-97450 Arnstein\/W\u00fcrzburg, Alemania<\/p><p>\u00a0<\/p><p>Tel\u00e9fono\u00a0<span style=\"color: #ad0505;\"><a style=\"color: #ad0505;\" href=\"http:\/\/tel:+499363997780\" target=\"_blank\" rel=\"noopener\">+49 (0) 9363\/99 77 80<\/a><\/span><br \/>Fax\u00a0<span style=\"color: #ad0505;\"><a style=\"font-family: var( --e-global-typography-text-font-family ), Sans-serif; font-weight: var( --e-global-typography-text-font-weight ); background-color: #ffffff; color: #ad0505;\" href=\"http:\/\/fax:+4993639977\" target=\"_blank\" rel=\"noopener\">+49 (0) 9363\/99 77 85<\/a><\/span><\/p><p><span style=\"color: #ad0505;\"><a style=\"color: #ad0505;\" href=\"mailto:info@LHC-Consulting.de\">info@LHC-Consulting.de<\/a><\/span><\/p>\t\t\t\t\t\t\t\t<\/div>\n\t\t\t\t<\/div>\n\t\t\t\t<div class=\"elementor-element elementor-element-ad64221 elementor-widget elementor-widget-button\" data-id=\"ad64221\" data-element_type=\"widget\" data-e-type=\"widget\" data-widget_type=\"button.default\">\n\t\t\t\t<div class=\"elementor-widget-container\">\n\t\t\t\t\t\t\t\t\t<div class=\"elementor-button-wrapper\">\n\t\t\t\t\t<a class=\"elementor-button elementor-button-link elementor-size-lg\" href=\"mailto:info@LHC-Consulting.de\">\n\t\t\t\t\t\t<span class=\"elementor-button-content-wrapper\">\n\t\t\t\t\t\t\t\t\t<span class=\"elementor-button-text\">\u00bfTiene alguna pregunta?  \u00a1Solicite un presupuesto aqu\u00ed!<\/span>\n\t\t\t\t\t<\/span>\n\t\t\t\t\t<\/a>\n\t\t\t\t<\/div>\n\t\t\t\t\t\t\t\t<\/div>\n\t\t\t\t<\/div>\n\t\t\t\t\t<\/div>\n\t\t<\/div>\n\t\t\t\t<div class=\"elementor-column elementor-col-50 elementor-top-column elementor-element elementor-element-20c0b48\" data-id=\"20c0b48\" data-element_type=\"column\" data-e-type=\"column\">\n\t\t\t<div class=\"elementor-widget-wrap elementor-element-populated\">\n\t\t\t\t\t\t<div class=\"elementor-element elementor-element-bd69f0b elementor-widget elementor-widget-image\" data-id=\"bd69f0b\" data-element_type=\"widget\" data-e-type=\"widget\" data-widget_type=\"image.default\">\n\t\t\t\t<div class=\"elementor-widget-container\">\n\t\t\t\t\t\t\t\t\t\t\t\t\t\t\t<img fetchpriority=\"high\" decoding=\"async\" width=\"250\" height=\"250\" src=\"https:\/\/www.lhc-consulting.de\/wp-content\/uploads\/2023\/06\/Website-Foto-Arnd-Lindenau-q0r0oozmzdwnpcg436u9rc4dzf4xj2nlcvwztsk66c.jpg\" class=\"attachment-large size-large wp-image-296\" alt=\"v\" srcset=\"https:\/\/www.lhc-consulting.de\/wp-content\/uploads\/2023\/06\/Website-Foto-Arnd-Lindenau-q0r0oozmzdwnpcg436u9rc4dzf4xj2nlcvwztsk66c.jpg 250w, https:\/\/www.lhc-consulting.de\/wp-content\/uploads\/2023\/06\/Website-Foto-Arnd-Lindenau-q0r0oozmzdwnpcg436u9rc4dzf4xj2nlcvwztsk66c-150x150.jpg 150w\" sizes=\"(max-width: 250px) 100vw, 250px\" style=\"width:100%;height:100%;max-width:250px\" \/>\t\t\t\t\t\t\t\t\t\t\t\t\t\t\t<\/div>\n\t\t\t\t<\/div>\n\t\t\t\t\t<\/div>\n\t\t<\/div>\n\t\t\t\t\t<\/div>\n\t\t<\/section>\n\t\t\t\t<section class=\"elementor-section elementor-top-section elementor-element elementor-element-d48a7d1 elementor-section-boxed elementor-section-height-default elementor-section-height-default wpr-particle-no wpr-jarallax-no wpr-parallax-no wpr-sticky-section-no wpr-equal-height-no\" data-id=\"d48a7d1\" data-element_type=\"section\" data-e-type=\"section\" data-settings=\"{&quot;background_background&quot;:&quot;classic&quot;}\">\n\t\t\t\t\t\t\t<div class=\"elementor-background-overlay\"><\/div>\n\t\t\t\t\t\t\t<div class=\"elementor-container elementor-column-gap-default\">\n\t\t\t\t\t<div class=\"elementor-column elementor-col-50 elementor-top-column elementor-element elementor-element-1979839\" data-id=\"1979839\" data-element_type=\"column\" data-e-type=\"column\">\n\t\t\t<div class=\"elementor-widget-wrap elementor-element-populated\">\n\t\t\t\t\t\t<div class=\"elementor-element elementor-element-85b1f88 elementor-widget elementor-widget-heading\" data-id=\"85b1f88\" data-element_type=\"widget\" data-e-type=\"widget\" data-widget_type=\"heading.default\">\n\t\t\t\t<div class=\"elementor-widget-container\">\n\t\t\t\t\t<h3 class=\"elementor-heading-title elementor-size-default\">Suscr\u00edbase ahora a nuestro bolet\u00edn de noticias y tenga la oportunidad de ganar un vale de 100 euros para consultor\u00eda.<\/h3>\t\t\t\t<\/div>\n\t\t\t\t<\/div>\n\t\t\t\t\t<\/div>\n\t\t<\/div>\n\t\t\t\t<div class=\"elementor-column elementor-col-50 elementor-top-column elementor-element elementor-element-8a7ba78\" data-id=\"8a7ba78\" data-element_type=\"column\" data-e-type=\"column\">\n\t\t\t<div class=\"elementor-widget-wrap elementor-element-populated\">\n\t\t\t\t\t\t<div class=\"elementor-element elementor-element-5040760 elementor-align-center elementor-mobile-align-left elementor-widget elementor-widget-button\" data-id=\"5040760\" data-element_type=\"widget\" data-e-type=\"widget\" data-widget_type=\"button.default\">\n\t\t\t\t<div class=\"elementor-widget-container\">\n\t\t\t\t\t\t\t\t\t<div class=\"elementor-button-wrapper\">\n\t\t\t\t\t<a class=\"elementor-button elementor-button-link elementor-size-lg\" href=\"\/es\/newsletter\">\n\t\t\t\t\t\t<span class=\"elementor-button-content-wrapper\">\n\t\t\t\t\t\t\t\t\t<span class=\"elementor-button-text\">Inscr\u00edbase ahora<\/span>\n\t\t\t\t\t<\/span>\n\t\t\t\t\t<\/a>\n\t\t\t\t<\/div>\n\t\t\t\t\t\t\t\t<\/div>\n\t\t\t\t<\/div>\n\t\t\t\t\t<\/div>\n\t\t<\/div>\n\t\t\t\t\t<\/div>\n\t\t<\/section>\n\t\t\t\t<\/div>\n\t\t","protected":false},"excerpt":{"rendered":"<p>Contacto\u200b LHC Hotel ConsultingArnd Lindenau,\u00a0Director General \u00a0 Th\u00fcringer Strasse 29D-97450 Arnstein\/W\u00fcrzburg, Alemania \u00a0 Tel\u00e9fono\u00a0+49 (0) 9363\/99 77 80Fax\u00a0+49 (0) 9363\/99 77 85 info@LHC-Consulting.de \u00bfTiene alguna pregunta? \u00a1Solicite un presupuesto aqu\u00ed! Suscr\u00edbase ahora a nuestro bolet\u00edn de noticias y tenga la oportunidad de ganar un vale de 100 euros para consultor\u00eda. Inscr\u00edbase ahora<\/p>\n","protected":false},"author":1,"featured_media":0,"parent":0,"menu_order":0,"comment_status":"closed","ping_status":"closed","template":"elementor_header_footer","meta":{"footnotes":""},"class_list":["post-699","page","type-page","status-publish","hentry","entry"],"yoast_head":"<!-- This site is optimized with the Yoast SEO plugin v27.0 - https:\/\/yoast.com\/product\/yoast-seo-wordpress\/ -->\n<title>Contacto - LHC Consulting<\/title>\n<meta name=\"robots\" content=\"index, follow, max-snippet:-1, max-image-preview:large, max-video-preview:-1\" \/>\n<link rel=\"canonical\" href=\"https:\/\/www.lhc-consulting.de\/kontakt\/\" \/>\n<meta property=\"og:locale\" content=\"es_ES\" \/>\n<meta property=\"og:type\" content=\"article\" \/>\n<meta property=\"og:title\" content=\"Contacto - LHC Consulting\" \/>\n<meta property=\"og:description\" content=\"Contacto\u200b LHC Hotel ConsultingArnd Lindenau,\u00a0Director General \u00a0 Th\u00fcringer Strasse 29D-97450 Arnstein\/W\u00fcrzburg, Alemania \u00a0 Tel\u00e9fono\u00a0+49 (0) 9363\/99 77 80Fax\u00a0+49 (0) 9363\/99 77 85 info@LHC-Consulting.de \u00bfTiene alguna pregunta? \u00a1Solicite un presupuesto aqu\u00ed! Suscr\u00edbase ahora a nuestro bolet\u00edn de noticias y tenga la oportunidad de ganar un vale de 100 euros para consultor\u00eda. Inscr\u00edbase ahora\" \/>\n<meta property=\"og:url\" content=\"https:\/\/www.lhc-consulting.de\/kontakt\/\" \/>\n<meta property=\"og:site_name\" content=\"LHC Consulting\" \/>\n<meta property=\"article:publisher\" content=\"https:\/\/www.facebook.com\/profile.php?id=100087898374630\" \/>\n<meta property=\"article:modified_time\" content=\"2023-06-23T07:23:19+00:00\" \/>\n<meta property=\"og:image\" content=\"https:\/\/www.lhc-consulting.de\/wp-content\/uploads\/2023\/06\/Website-Foto-Arnd-Lindenau-q0r0oozmzdwnpcg436u9rc4dzf4xj2nlcvwztsk66c.jpg\" \/>\n<meta name=\"twitter:card\" content=\"summary_large_image\" \/>\n<meta name=\"twitter:label1\" content=\"Tiempo de lectura\" \/>\n\t<meta name=\"twitter:data1\" content=\"1 minuto\" \/>\n<script type=\"application\/ld+json\" class=\"yoast-schema-graph\">{\"@context\":\"https:\/\/schema.org\",\"@graph\":[{\"@type\":\"WebPage\",\"@id\":\"https:\/\/www.lhc-consulting.de\/kontakt\/\",\"url\":\"https:\/\/www.lhc-consulting.de\/kontakt\/\",\"name\":\"Contacto - LHC Consulting\",\"isPartOf\":{\"@id\":\"https:\/\/www.lhc-consulting.de\/#website\"},\"primaryImageOfPage\":{\"@id\":\"https:\/\/www.lhc-consulting.de\/kontakt\/#primaryimage\"},\"image\":{\"@id\":\"https:\/\/www.lhc-consulting.de\/kontakt\/#primaryimage\"},\"thumbnailUrl\":\"https:\/\/www.lhc-consulting.de\/wp-content\/uploads\/2023\/06\/Website-Foto-Arnd-Lindenau-q0r0oozmzdwnpcg436u9rc4dzf4xj2nlcvwztsk66c.jpg\",\"datePublished\":\"2023-06-16T09:22:00+00:00\",\"dateModified\":\"2023-06-23T07:23:19+00:00\",\"breadcrumb\":{\"@id\":\"https:\/\/www.lhc-consulting.de\/kontakt\/#breadcrumb\"},\"inLanguage\":\"es\",\"potentialAction\":[{\"@type\":\"ReadAction\",\"target\":[\"https:\/\/www.lhc-consulting.de\/kontakt\/\"]}]},{\"@type\":\"ImageObject\",\"inLanguage\":\"es\",\"@id\":\"https:\/\/www.lhc-consulting.de\/kontakt\/#primaryimage\",\"url\":\"https:\/\/www.lhc-consulting.de\/wp-content\/uploads\/2023\/06\/Website-Foto-Arnd-Lindenau-q0r0oozmzdwnpcg436u9rc4dzf4xj2nlcvwztsk66c.jpg\",\"contentUrl\":\"https:\/\/www.lhc-consulting.de\/wp-content\/uploads\/2023\/06\/Website-Foto-Arnd-Lindenau-q0r0oozmzdwnpcg436u9rc4dzf4xj2nlcvwztsk66c.jpg\"},{\"@type\":\"BreadcrumbList\",\"@id\":\"https:\/\/www.lhc-consulting.de\/kontakt\/#breadcrumb\",\"itemListElement\":[{\"@type\":\"ListItem\",\"position\":1,\"name\":\"Home\",\"item\":\"https:\/\/www.lhc-consulting.de\/es\/\"},{\"@type\":\"ListItem\",\"position\":2,\"name\":\"Contacto\"}]},{\"@type\":\"WebSite\",\"@id\":\"https:\/\/www.lhc-consulting.de\/#website\",\"url\":\"https:\/\/www.lhc-consulting.de\/\",\"name\":\"LHC Consulting\",\"description\":\"Wir liefern den Erfolg f\u00fcr Ihr Hotel\",\"publisher\":{\"@id\":\"https:\/\/www.lhc-consulting.de\/#organization\"},\"potentialAction\":[{\"@type\":\"SearchAction\",\"target\":{\"@type\":\"EntryPoint\",\"urlTemplate\":\"https:\/\/www.lhc-consulting.de\/?s={search_term_string}\"},\"query-input\":{\"@type\":\"PropertyValueSpecification\",\"valueRequired\":true,\"valueName\":\"search_term_string\"}}],\"inLanguage\":\"es\"},{\"@type\":\"Organization\",\"@id\":\"https:\/\/www.lhc-consulting.de\/#organization\",\"name\":\"LHC Consulting\",\"url\":\"https:\/\/www.lhc-consulting.de\/\",\"logo\":{\"@type\":\"ImageObject\",\"inLanguage\":\"es\",\"@id\":\"https:\/\/www.lhc-consulting.de\/#\/schema\/logo\/image\/\",\"url\":\"https:\/\/www.lhc-consulting.de\/wp-content\/uploads\/2023\/06\/lhc-consulting-lindenau-logo.png\",\"contentUrl\":\"https:\/\/www.lhc-consulting.de\/wp-content\/uploads\/2023\/06\/lhc-consulting-lindenau-logo.png\",\"width\":500,\"height\":218,\"caption\":\"LHC Consulting\"},\"image\":{\"@id\":\"https:\/\/www.lhc-consulting.de\/#\/schema\/logo\/image\/\"},\"sameAs\":[\"https:\/\/www.facebook.com\/profile.php?id=100087898374630\",\"https:\/\/www.instagram.com\/lhc_consulting_\/?igshid=YmMyMTA2M2Y\"]}]}<\/script>\n<!-- \/ Yoast SEO plugin. -->","yoast_head_json":{"title":"Contacto - LHC Consulting","robots":{"index":"index","follow":"follow","max-snippet":"max-snippet:-1","max-image-preview":"max-image-preview:large","max-video-preview":"max-video-preview:-1"},"canonical":"https:\/\/www.lhc-consulting.de\/kontakt\/","og_locale":"es_ES","og_type":"article","og_title":"Contacto - LHC Consulting","og_description":"Contacto\u200b LHC Hotel ConsultingArnd Lindenau,\u00a0Director General \u00a0 Th\u00fcringer Strasse 29D-97450 Arnstein\/W\u00fcrzburg, Alemania \u00a0 Tel\u00e9fono\u00a0+49 (0) 9363\/99 77 80Fax\u00a0+49 (0) 9363\/99 77 85 info@LHC-Consulting.de \u00bfTiene alguna pregunta? \u00a1Solicite un presupuesto aqu\u00ed! Suscr\u00edbase ahora a nuestro bolet\u00edn de noticias y tenga la oportunidad de ganar un vale de 100 euros para consultor\u00eda. Inscr\u00edbase ahora","og_url":"https:\/\/www.lhc-consulting.de\/kontakt\/","og_site_name":"LHC Consulting","article_publisher":"https:\/\/www.facebook.com\/profile.php?id=100087898374630","article_modified_time":"2023-06-23T07:23:19+00:00","og_image":[{"url":"https:\/\/www.lhc-consulting.de\/wp-content\/uploads\/2023\/06\/Website-Foto-Arnd-Lindenau-q0r0oozmzdwnpcg436u9rc4dzf4xj2nlcvwztsk66c.jpg","type":"","width":"","height":""}],"twitter_card":"summary_large_image","twitter_misc":{"Tiempo de lectura":"1 minuto"},"schema":{"@context":"https:\/\/schema.org","@graph":[{"@type":"WebPage","@id":"https:\/\/www.lhc-consulting.de\/kontakt\/","url":"https:\/\/www.lhc-consulting.de\/kontakt\/","name":"Contacto - LHC Consulting","isPartOf":{"@id":"https:\/\/www.lhc-consulting.de\/#website"},"primaryImageOfPage":{"@id":"https:\/\/www.lhc-consulting.de\/kontakt\/#primaryimage"},"image":{"@id":"https:\/\/www.lhc-consulting.de\/kontakt\/#primaryimage"},"thumbnailUrl":"https:\/\/www.lhc-consulting.de\/wp-content\/uploads\/2023\/06\/Website-Foto-Arnd-Lindenau-q0r0oozmzdwnpcg436u9rc4dzf4xj2nlcvwztsk66c.jpg","datePublished":"2023-06-16T09:22:00+00:00","dateModified":"2023-06-23T07:23:19+00:00","breadcrumb":{"@id":"https:\/\/www.lhc-consulting.de\/kontakt\/#breadcrumb"},"inLanguage":"es","potentialAction":[{"@type":"ReadAction","target":["https:\/\/www.lhc-consulting.de\/kontakt\/"]}]},{"@type":"ImageObject","inLanguage":"es","@id":"https:\/\/www.lhc-consulting.de\/kontakt\/#primaryimage","url":"https:\/\/www.lhc-consulting.de\/wp-content\/uploads\/2023\/06\/Website-Foto-Arnd-Lindenau-q0r0oozmzdwnpcg436u9rc4dzf4xj2nlcvwztsk66c.jpg","contentUrl":"https:\/\/www.lhc-consulting.de\/wp-content\/uploads\/2023\/06\/Website-Foto-Arnd-Lindenau-q0r0oozmzdwnpcg436u9rc4dzf4xj2nlcvwztsk66c.jpg"},{"@type":"BreadcrumbList","@id":"https:\/\/www.lhc-consulting.de\/kontakt\/#breadcrumb","itemListElement":[{"@type":"ListItem","position":1,"name":"Home","item":"https:\/\/www.lhc-consulting.de\/es\/"},{"@type":"ListItem","position":2,"name":"Contacto"}]},{"@type":"WebSite","@id":"https:\/\/www.lhc-consulting.de\/#website","url":"https:\/\/www.lhc-consulting.de\/","name":"LHC Consulting","description":"Wir liefern den Erfolg f\u00fcr Ihr Hotel","publisher":{"@id":"https:\/\/www.lhc-consulting.de\/#organization"},"potentialAction":[{"@type":"SearchAction","target":{"@type":"EntryPoint","urlTemplate":"https:\/\/www.lhc-consulting.de\/?s={search_term_string}"},"query-input":{"@type":"PropertyValueSpecification","valueRequired":true,"valueName":"search_term_string"}}],"inLanguage":"es"},{"@type":"Organization","@id":"https:\/\/www.lhc-consulting.de\/#organization","name":"LHC Consulting","url":"https:\/\/www.lhc-consulting.de\/","logo":{"@type":"ImageObject","inLanguage":"es","@id":"https:\/\/www.lhc-consulting.de\/#\/schema\/logo\/image\/","url":"https:\/\/www.lhc-consulting.de\/wp-content\/uploads\/2023\/06\/lhc-consulting-lindenau-logo.png","contentUrl":"https:\/\/www.lhc-consulting.de\/wp-content\/uploads\/2023\/06\/lhc-consulting-lindenau-logo.png","width":500,"height":218,"caption":"LHC Consulting"},"image":{"@id":"https:\/\/www.lhc-consulting.de\/#\/schema\/logo\/image\/"},"sameAs":["https:\/\/www.facebook.com\/profile.php?id=100087898374630","https:\/\/www.instagram.com\/lhc_consulting_\/?igshid=YmMyMTA2M2Y"]}]}},"_links":{"self":[{"href":"https:\/\/www.lhc-consulting.de\/es\/wp-json\/wp\/v2\/pages\/699","targetHints":{"allow":["GET"]}}],"collection":[{"href":"https:\/\/www.lhc-consulting.de\/es\/wp-json\/wp\/v2\/pages"}],"about":[{"href":"https:\/\/www.lhc-consulting.de\/es\/wp-json\/wp\/v2\/types\/page"}],"author":[{"embeddable":true,"href":"https:\/\/www.lhc-consulting.de\/es\/wp-json\/wp\/v2\/users\/1"}],"replies":[{"embeddable":true,"href":"https:\/\/www.lhc-consulting.de\/es\/wp-json\/wp\/v2\/comments?post=699"}],"version-history":[{"count":25,"href":"https:\/\/www.lhc-consulting.de\/es\/wp-json\/wp\/v2\/pages\/699\/revisions"}],"predecessor-version":[{"id":1833,"href":"https:\/\/www.lhc-consulting.de\/es\/wp-json\/wp\/v2\/pages\/699\/revisions\/1833"}],"wp:attachment":[{"href":"https:\/\/www.lhc-consulting.de\/es\/wp-json\/wp\/v2\/media?parent=699"}],"curies":[{"name":"wp","href":"https:\/\/api.w.org\/{rel}","templated":true}]}}