{"id":713,"date":"2023-06-16T10:39:15","date_gmt":"2023-06-16T08:39:15","guid":{"rendered":"http:\/\/neu.lhc-consulting.de\/servicios\/belegungs-und-umsatzoptimierung\/"},"modified":"2023-06-22T16:29:41","modified_gmt":"2023-06-22T14:29:41","slug":"optimizacion-de-ocupacon-y-yield-management","status":"publish","type":"page","link":"https:\/\/www.lhc-consulting.de\/es\/servicios\/optimizacion-de-ocupacon-y-yield-management\/","title":{"rendered":"Optimizaci\u00f3n de Ocupac\u00f3n y Yield Management"},"content":{"rendered":"\t\t<div data-elementor-type=\"wp-post\" data-elementor-id=\"713\" class=\"elementor elementor-713\">\n\t\t\t\t\t\t<section class=\"elementor-section elementor-top-section elementor-element elementor-element-26f1871 elementor-section-height-min-height elementor-section-boxed elementor-section-height-default elementor-section-items-middle wpr-particle-no wpr-jarallax-no wpr-parallax-no wpr-sticky-section-no wpr-equal-height-no\" data-id=\"26f1871\" data-element_type=\"section\" data-e-type=\"section\" data-settings=\"{&quot;background_background&quot;:&quot;classic&quot;}\">\n\t\t\t\t\t\t\t<div class=\"elementor-background-overlay\"><\/div>\n\t\t\t\t\t\t\t<div class=\"elementor-container elementor-column-gap-default\">\n\t\t\t\t\t<div class=\"elementor-column elementor-col-100 elementor-top-column elementor-element elementor-element-130b781\" data-id=\"130b781\" data-element_type=\"column\" data-e-type=\"column\">\n\t\t\t<div class=\"elementor-widget-wrap\">\n\t\t\t\t\t\t\t<\/div>\n\t\t<\/div>\n\t\t\t\t\t<\/div>\n\t\t<\/section>\n\t\t\t\t<section class=\"elementor-section elementor-top-section elementor-element elementor-element-b81f10c elementor-section-boxed elementor-section-height-default elementor-section-height-default wpr-particle-no wpr-jarallax-no wpr-parallax-no wpr-sticky-section-no wpr-equal-height-no\" data-id=\"b81f10c\" data-element_type=\"section\" data-e-type=\"section\" data-settings=\"{&quot;background_background&quot;:&quot;classic&quot;}\">\n\t\t\t\t\t\t<div class=\"elementor-container elementor-column-gap-default\">\n\t\t\t\t\t<div class=\"elementor-column elementor-col-100 elementor-top-column elementor-element elementor-element-ccac7f2\" data-id=\"ccac7f2\" data-element_type=\"column\" data-e-type=\"column\">\n\t\t\t<div class=\"elementor-widget-wrap elementor-element-populated\">\n\t\t\t\t\t\t<div class=\"elementor-element elementor-element-fca9745 elementor-widget elementor-widget-text-editor\" data-id=\"fca9745\" data-element_type=\"widget\" data-e-type=\"widget\" data-widget_type=\"text-editor.default\">\n\t\t\t\t<div class=\"elementor-widget-container\">\n\t\t\t\t\t\t\t\t\t<p><span style=\"color: #ffffff;\"><span><span><a href=\"https:\/\/www.lhc-consulting.de\/es\/\">Home<\/a><\/span><\/span><\/span><br \/><span style=\"color: #ffffff;\"><\/span><\/p>\t\t\t\t\t\t\t\t<\/div>\n\t\t\t\t<\/div>\n\t\t\t\t\t<\/div>\n\t\t<\/div>\n\t\t\t\t\t<\/div>\n\t\t<\/section>\n\t\t\t\t<section class=\"elementor-section elementor-top-section elementor-element elementor-element-026ea4c elementor-section-boxed elementor-section-height-default elementor-section-height-default wpr-particle-no wpr-jarallax-no wpr-parallax-no wpr-sticky-section-no wpr-equal-height-no\" data-id=\"026ea4c\" data-element_type=\"section\" data-e-type=\"section\">\n\t\t\t\t\t\t<div class=\"elementor-container elementor-column-gap-default\">\n\t\t\t\t\t<div class=\"elementor-column elementor-col-100 elementor-top-column elementor-element elementor-element-e927527\" data-id=\"e927527\" data-element_type=\"column\" data-e-type=\"column\">\n\t\t\t<div class=\"elementor-widget-wrap elementor-element-populated\">\n\t\t\t\t\t\t<div class=\"elementor-element elementor-element-c501d7a elementor-widget elementor-widget-heading\" data-id=\"c501d7a\" data-element_type=\"widget\" data-e-type=\"widget\" data-widget_type=\"heading.default\">\n\t\t\t\t<div class=\"elementor-widget-container\">\n\t\t\t\t\t<h2 class=\"elementor-heading-title elementor-size-default\">Yield Management - Optimizaci\u00f3n de la ocupaci\u00f3n y negocio.\u200b<\/h2>\t\t\t\t<\/div>\n\t\t\t\t<\/div>\n\t\t\t\t<div class=\"elementor-element elementor-element-ad171bc elementor-widget elementor-widget-text-editor\" data-id=\"ad171bc\" data-element_type=\"widget\" data-e-type=\"widget\" data-widget_type=\"text-editor.default\">\n\t\t\t\t<div class=\"elementor-widget-container\">\n\t\t\t\t\t\t\t\t\t<p>En el sector hotelero es donde se encuentra la mayor parte de los beneficios. Aqu\u00ed es donde se gana el dinero tan importante para sus pr\u00f3ximas inversiones.<\/p><p>\u00bfQuieren ustedes aumentar el volumen de negocio de su alojamiento de forma significativa y sostenible? Analizamos sus pautas de reserva y desarrollamos estrategias de precios adecuadas, incluso en un entorno dif\u00edcil.<\/p><p>Nuestra excelente experiencia es la garant\u00eda de su \u00e9xito.<\/p>\t\t\t\t\t\t\t\t<\/div>\n\t\t\t\t<\/div>\n\t\t\t\t<div class=\"elementor-element elementor-element-16d9a43 elementor-widget-divider--view-line elementor-widget elementor-widget-divider\" data-id=\"16d9a43\" data-element_type=\"widget\" data-e-type=\"widget\" data-widget_type=\"divider.default\">\n\t\t\t\t<div class=\"elementor-widget-container\">\n\t\t\t\t\t\t\t<div class=\"elementor-divider\">\n\t\t\t<span class=\"elementor-divider-separator\">\n\t\t\t\t\t\t<\/span>\n\t\t<\/div>\n\t\t\t\t\t\t<\/div>\n\t\t\t\t<\/div>\n\t\t\t\t\t<\/div>\n\t\t<\/div>\n\t\t\t\t\t<\/div>\n\t\t<\/section>\n\t\t\t\t<section class=\"elementor-section elementor-top-section elementor-element elementor-element-02e7af7 elementor-section-boxed elementor-section-height-default elementor-section-height-default wpr-particle-no wpr-jarallax-no wpr-parallax-no wpr-sticky-section-no wpr-equal-height-no\" data-id=\"02e7af7\" data-element_type=\"section\" data-e-type=\"section\">\n\t\t\t\t\t\t<div class=\"elementor-container elementor-column-gap-default\">\n\t\t\t\t\t<div class=\"elementor-column elementor-col-50 elementor-top-column elementor-element elementor-element-a607978\" data-id=\"a607978\" data-element_type=\"column\" data-e-type=\"column\">\n\t\t\t<div class=\"elementor-widget-wrap elementor-element-populated\">\n\t\t\t\t\t\t<div class=\"elementor-element elementor-element-c84be2d elementor-widget elementor-widget-heading\" data-id=\"c84be2d\" data-element_type=\"widget\" data-e-type=\"widget\" data-widget_type=\"heading.default\">\n\t\t\t\t<div class=\"elementor-widget-container\">\n\t\t\t\t\t<h3 class=\"elementor-heading-title elementor-size-default\">Yield Management\n<\/h3>\t\t\t\t<\/div>\n\t\t\t\t<\/div>\n\t\t\t\t<div class=\"elementor-element elementor-element-0b37870 elementor-icon-list--layout-traditional elementor-list-item-link-full_width elementor-widget elementor-widget-icon-list\" data-id=\"0b37870\" data-element_type=\"widget\" data-e-type=\"widget\" data-widget_type=\"icon-list.default\">\n\t\t\t\t<div class=\"elementor-widget-container\">\n\t\t\t\t\t\t\t<ul class=\"elementor-icon-list-items\">\n\t\t\t\t\t\t\t<li class=\"elementor-icon-list-item\">\n\t\t\t\t\t\t\t\t\t\t\t<span class=\"elementor-icon-list-icon\">\n\t\t\t\t\t\t\t<i aria-hidden=\"true\" class=\"fas fa-square-full\"><\/i>\t\t\t\t\t\t<\/span>\n\t\t\t\t\t\t\t\t\t\t<span class=\"elementor-icon-list-text\">Yield Management es la m\u00e1xima clase para crear una utilizaci\u00f3n \u00f3ptima de la capacidad con un mayor volumen de negocio al mismo tiempo. Puede confiar en nuestros muchos a\u00f1os de experiencia en Yield Management. Asumimos por usted el control y la gesti\u00f3n completos de sus canales de venta electr\u00f3nicos.<\/span>\n\t\t\t\t\t\t\t\t\t<\/li>\n\t\t\t\t\t\t\t\t<li class=\"elementor-icon-list-item\">\n\t\t\t\t\t\t\t\t\t\t\t<span class=\"elementor-icon-list-icon\">\n\t\t\t\t\t\t\t<i aria-hidden=\"true\" class=\"fas fa-square-full\"><\/i>\t\t\t\t\t\t<\/span>\n\t\t\t\t\t\t\t\t\t\t<span class=\"elementor-icon-list-text\">Trabajamos de forma proactiva: Usted recibe an\u00e1lisis peri\u00f3dicos de las tendencias de sus reservas y comparaciones con su presupuesto de alojamiento. S\u00f3lo as\u00ed tendr\u00e1 una visi\u00f3n real de la evoluci\u00f3n de su negocio.<\/span>\n\t\t\t\t\t\t\t\t\t<\/li>\n\t\t\t\t\t\t<\/ul>\n\t\t\t\t\t\t<\/div>\n\t\t\t\t<\/div>\n\t\t\t\t\t<\/div>\n\t\t<\/div>\n\t\t\t\t<div class=\"elementor-column elementor-col-50 elementor-top-column elementor-element elementor-element-20c0b48\" data-id=\"20c0b48\" data-element_type=\"column\" data-e-type=\"column\">\n\t\t\t<div class=\"elementor-widget-wrap elementor-element-populated\">\n\t\t\t\t\t\t<div class=\"elementor-element elementor-element-2d41b43 elementor-widget elementor-widget-image\" data-id=\"2d41b43\" data-element_type=\"widget\" data-e-type=\"widget\" data-widget_type=\"image.default\">\n\t\t\t\t<div class=\"elementor-widget-container\">\n\t\t\t\t\t\t\t\t\t\t\t\t\t\t\t<img decoding=\"async\" width=\"300\" height=\"166\" src=\"https:\/\/www.lhc-consulting.de\/wp-content\/uploads\/2023\/06\/WEB-AdobeStock_93640906-300x166-1.jpg\" class=\"attachment-large size-large wp-image-242\" alt=\"LHC Consulting Hotelberatung W\u00fcrzburg\" style=\"width:100%;height:55.33%;max-width:300px\" \/>\t\t\t\t\t\t\t\t\t\t\t\t\t\t\t<\/div>\n\t\t\t\t<\/div>\n\t\t\t\t<div class=\"elementor-element elementor-element-5032762 elementor-widget elementor-widget-image\" data-id=\"5032762\" data-element_type=\"widget\" data-e-type=\"widget\" data-widget_type=\"image.default\">\n\t\t\t\t<div class=\"elementor-widget-container\">\n\t\t\t\t\t\t\t\t\t\t\t\t\t\t\t<img decoding=\"async\" width=\"300\" height=\"166\" src=\"https:\/\/www.lhc-consulting.de\/wp-content\/uploads\/2023\/06\/WEB-AdobeStock_156124158-300x166-1.jpg\" class=\"attachment-large size-large wp-image-240\" alt=\"LHC Consulting Hotelberatung W\u00fcrzburg\" style=\"width:100%;height:55.33%;max-width:300px\" \/>\t\t\t\t\t\t\t\t\t\t\t\t\t\t\t<\/div>\n\t\t\t\t<\/div>\n\t\t\t\t<div class=\"elementor-element elementor-element-bd69f0b elementor-widget elementor-widget-image\" data-id=\"bd69f0b\" data-element_type=\"widget\" data-e-type=\"widget\" data-widget_type=\"image.default\">\n\t\t\t\t<div class=\"elementor-widget-container\">\n\t\t\t\t\t\t\t\t\t\t\t\t\t\t\t<img decoding=\"async\" width=\"300\" height=\"166\" src=\"https:\/\/www.lhc-consulting.de\/wp-content\/uploads\/2023\/06\/WEB-AdobeStock_65992564-300x166-1.jpg\" class=\"attachment-large size-large wp-image-238\" alt=\"LHC Consulting Hotelberatung W\u00fcrzburg\" style=\"width:100%;height:55.33%;max-width:300px\" \/>\t\t\t\t\t\t\t\t\t\t\t\t\t\t\t<\/div>\n\t\t\t\t<\/div>\n\t\t\t\t\t<\/div>\n\t\t<\/div>\n\t\t\t\t\t<\/div>\n\t\t<\/section>\n\t\t\t\t<section class=\"elementor-section elementor-top-section elementor-element elementor-element-42b51c2 elementor-section-boxed elementor-section-height-default elementor-section-height-default wpr-particle-no wpr-jarallax-no wpr-parallax-no wpr-sticky-section-no wpr-equal-height-no\" data-id=\"42b51c2\" data-element_type=\"section\" data-e-type=\"section\" data-settings=\"{&quot;background_background&quot;:&quot;classic&quot;}\">\n\t\t\t\t\t\t\t<div class=\"elementor-background-overlay\"><\/div>\n\t\t\t\t\t\t\t<div class=\"elementor-container elementor-column-gap-default\">\n\t\t\t\t\t<div class=\"elementor-column elementor-col-50 elementor-top-column elementor-element elementor-element-85e10a9\" data-id=\"85e10a9\" data-element_type=\"column\" data-e-type=\"column\">\n\t\t\t<div class=\"elementor-widget-wrap elementor-element-populated\">\n\t\t\t\t\t\t<div class=\"elementor-element elementor-element-2f1f4dd elementor-widget elementor-widget-heading\" data-id=\"2f1f4dd\" data-element_type=\"widget\" data-e-type=\"widget\" data-widget_type=\"heading.default\">\n\t\t\t\t<div class=\"elementor-widget-container\">\n\t\t\t\t\t<h3 class=\"elementor-heading-title elementor-size-default\">\u00bfUsted tienen preguntas? \u00a1Estaremos encantados de asesorarle!\u200b<\/h3>\t\t\t\t<\/div>\n\t\t\t\t<\/div>\n\t\t\t\t\t<\/div>\n\t\t<\/div>\n\t\t\t\t<div class=\"elementor-column elementor-col-50 elementor-top-column elementor-element elementor-element-7c9445a\" data-id=\"7c9445a\" data-element_type=\"column\" data-e-type=\"column\">\n\t\t\t<div class=\"elementor-widget-wrap elementor-element-populated\">\n\t\t\t\t\t\t<div class=\"elementor-element elementor-element-bdf02fd elementor-align-center elementor-mobile-align-left elementor-widget elementor-widget-button\" data-id=\"bdf02fd\" data-element_type=\"widget\" data-e-type=\"widget\" data-widget_type=\"button.default\">\n\t\t\t\t<div class=\"elementor-widget-container\">\n\t\t\t\t\t\t\t\t\t<div class=\"elementor-button-wrapper\">\n\t\t\t\t\t<a class=\"elementor-button elementor-button-link elementor-size-lg\" href=\"\/es\/contacto\">\n\t\t\t\t\t\t<span class=\"elementor-button-content-wrapper\">\n\t\t\t\t\t\t\t\t\t<span class=\"elementor-button-text\">Cont\u00e1ctenos aqu\u00ed!<\/span>\n\t\t\t\t\t<\/span>\n\t\t\t\t\t<\/a>\n\t\t\t\t<\/div>\n\t\t\t\t\t\t\t\t<\/div>\n\t\t\t\t<\/div>\n\t\t\t\t\t<\/div>\n\t\t<\/div>\n\t\t\t\t\t<\/div>\n\t\t<\/section>\n\t\t\t\t<\/div>\n\t\t","protected":false},"excerpt":{"rendered":"<p>Yield Management &#8211; Optimizaci\u00f3n de la ocupaci\u00f3n y negocio.\u200b En el sector hotelero es donde se encuentra la mayor parte de los beneficios. Aqu\u00ed es donde se gana el dinero tan importante para sus pr\u00f3ximas inversiones. \u00bfQuieren ustedes aumentar el volumen de negocio de su alojamiento de forma significativa y sostenible? Analizamos sus pautas de reserva y desarrollamos estrategias de precios adecuadas, incluso en un entorno dif\u00edcil. Nuestra excelente experiencia es la garant\u00eda de su \u00e9xito. Yield Management Yield Management es la m\u00e1xima clase para crear una utilizaci\u00f3n \u00f3ptima de la capacidad con un mayor volumen de negocio al mismo tiempo. Puede confiar en nuestros muchos a\u00f1os de experiencia en Yield Management. Asumimos por usted el control y la gesti\u00f3n completos de sus canales de venta electr\u00f3nicos. Trabajamos de forma proactiva: Usted recibe an\u00e1lisis peri\u00f3dicos de las tendencias de sus reservas y comparaciones con su presupuesto de alojamiento. S\u00f3lo as\u00ed tendr\u00e1 una visi\u00f3n real de la evoluci\u00f3n de su negocio. \u00bfUsted tienen preguntas? \u00a1Estaremos encantados de asesorarle!\u200b Cont\u00e1ctenos aqu\u00ed!<\/p>\n","protected":false},"author":1,"featured_media":0,"parent":700,"menu_order":0,"comment_status":"closed","ping_status":"closed","template":"elementor_header_footer","meta":{"footnotes":""},"class_list":["post-713","page","type-page","status-publish","hentry","entry"],"yoast_head":"<!-- This site is optimized with the Yoast SEO plugin v27.0 - https:\/\/yoast.com\/product\/yoast-seo-wordpress\/ -->\n<title>Optimizaci\u00f3n de Ocupac\u00f3n y Yield Management - LHC Consulting<\/title>\n<meta name=\"robots\" content=\"index, follow, max-snippet:-1, max-image-preview:large, max-video-preview:-1\" \/>\n<link rel=\"canonical\" href=\"https:\/\/www.lhc-consulting.de\/leistungen\/belegungs-und-umsatzoptimierung\/\" \/>\n<meta property=\"og:locale\" content=\"es_ES\" \/>\n<meta property=\"og:type\" content=\"article\" \/>\n<meta property=\"og:title\" content=\"Optimizaci\u00f3n de Ocupac\u00f3n y Yield Management - LHC Consulting\" \/>\n<meta property=\"og:description\" content=\"Yield Management &#8211; Optimizaci\u00f3n de la ocupaci\u00f3n y negocio.\u200b En el sector hotelero es donde se encuentra la mayor parte de los beneficios. Aqu\u00ed es donde se gana el dinero tan importante para sus pr\u00f3ximas inversiones. \u00bfQuieren ustedes aumentar el volumen de negocio de su alojamiento de forma significativa y sostenible? Analizamos sus pautas de reserva y desarrollamos estrategias de precios adecuadas, incluso en un entorno dif\u00edcil. Nuestra excelente experiencia es la garant\u00eda de su \u00e9xito. Yield Management Yield Management es la m\u00e1xima clase para crear una utilizaci\u00f3n \u00f3ptima de la capacidad con un mayor volumen de negocio al mismo tiempo. Puede confiar en nuestros muchos a\u00f1os de experiencia en Yield Management. Asumimos por usted el control y la gesti\u00f3n completos de sus canales de venta electr\u00f3nicos. Trabajamos de forma proactiva: Usted recibe an\u00e1lisis peri\u00f3dicos de las tendencias de sus reservas y comparaciones con su presupuesto de alojamiento. S\u00f3lo as\u00ed tendr\u00e1 una visi\u00f3n real de la evoluci\u00f3n de su negocio. \u00bfUsted tienen preguntas? \u00a1Estaremos encantados de asesorarle!\u200b Cont\u00e1ctenos aqu\u00ed!\" \/>\n<meta property=\"og:url\" content=\"https:\/\/www.lhc-consulting.de\/leistungen\/belegungs-und-umsatzoptimierung\/\" \/>\n<meta property=\"og:site_name\" content=\"LHC Consulting\" \/>\n<meta property=\"article:publisher\" content=\"https:\/\/www.facebook.com\/profile.php?id=100087898374630\" \/>\n<meta property=\"article:modified_time\" content=\"2023-06-22T14:29:41+00:00\" \/>\n<meta property=\"og:image\" content=\"https:\/\/www.lhc-consulting.de\/wp-content\/uploads\/2023\/06\/WEB-AdobeStock_93640906-300x166-1.jpg\" \/>\n<meta name=\"twitter:card\" content=\"summary_large_image\" \/>\n<meta name=\"twitter:label1\" content=\"Tiempo de lectura\" \/>\n\t<meta name=\"twitter:data1\" content=\"2 minutos\" \/>\n<script type=\"application\/ld+json\" class=\"yoast-schema-graph\">{\"@context\":\"https:\/\/schema.org\",\"@graph\":[{\"@type\":\"WebPage\",\"@id\":\"https:\/\/www.lhc-consulting.de\/leistungen\/belegungs-und-umsatzoptimierung\/\",\"url\":\"https:\/\/www.lhc-consulting.de\/leistungen\/belegungs-und-umsatzoptimierung\/\",\"name\":\"Optimizaci\u00f3n de Ocupac\u00f3n y Yield Management - LHC Consulting\",\"isPartOf\":{\"@id\":\"https:\/\/www.lhc-consulting.de\/#website\"},\"primaryImageOfPage\":{\"@id\":\"https:\/\/www.lhc-consulting.de\/leistungen\/belegungs-und-umsatzoptimierung\/#primaryimage\"},\"image\":{\"@id\":\"https:\/\/www.lhc-consulting.de\/leistungen\/belegungs-und-umsatzoptimierung\/#primaryimage\"},\"thumbnailUrl\":\"https:\/\/www.lhc-consulting.de\/wp-content\/uploads\/2023\/06\/WEB-AdobeStock_93640906-300x166-1.jpg\",\"datePublished\":\"2023-06-16T08:39:15+00:00\",\"dateModified\":\"2023-06-22T14:29:41+00:00\",\"breadcrumb\":{\"@id\":\"https:\/\/www.lhc-consulting.de\/leistungen\/belegungs-und-umsatzoptimierung\/#breadcrumb\"},\"inLanguage\":\"es\",\"potentialAction\":[{\"@type\":\"ReadAction\",\"target\":[\"https:\/\/www.lhc-consulting.de\/leistungen\/belegungs-und-umsatzoptimierung\/\"]}]},{\"@type\":\"ImageObject\",\"inLanguage\":\"es\",\"@id\":\"https:\/\/www.lhc-consulting.de\/leistungen\/belegungs-und-umsatzoptimierung\/#primaryimage\",\"url\":\"https:\/\/www.lhc-consulting.de\/wp-content\/uploads\/2023\/06\/WEB-AdobeStock_93640906-300x166-1.jpg\",\"contentUrl\":\"https:\/\/www.lhc-consulting.de\/wp-content\/uploads\/2023\/06\/WEB-AdobeStock_93640906-300x166-1.jpg\"},{\"@type\":\"BreadcrumbList\",\"@id\":\"https:\/\/www.lhc-consulting.de\/leistungen\/belegungs-und-umsatzoptimierung\/#breadcrumb\",\"itemListElement\":[{\"@type\":\"ListItem\",\"position\":1,\"name\":\"Home\",\"item\":\"https:\/\/www.lhc-consulting.de\/es\/\"},{\"@type\":\"ListItem\",\"position\":2,\"name\":\"Servicios\",\"item\":\"https:\/\/www.lhc-consulting.de\/es\/servicios\/\"},{\"@type\":\"ListItem\",\"position\":3,\"name\":\"Optimizaci\u00f3n de Ocupac\u00f3n y Yield Management\"}]},{\"@type\":\"WebSite\",\"@id\":\"https:\/\/www.lhc-consulting.de\/#website\",\"url\":\"https:\/\/www.lhc-consulting.de\/\",\"name\":\"LHC Consulting\",\"description\":\"Wir liefern den Erfolg f\u00fcr Ihr Hotel\",\"publisher\":{\"@id\":\"https:\/\/www.lhc-consulting.de\/#organization\"},\"potentialAction\":[{\"@type\":\"SearchAction\",\"target\":{\"@type\":\"EntryPoint\",\"urlTemplate\":\"https:\/\/www.lhc-consulting.de\/?s={search_term_string}\"},\"query-input\":{\"@type\":\"PropertyValueSpecification\",\"valueRequired\":true,\"valueName\":\"search_term_string\"}}],\"inLanguage\":\"es\"},{\"@type\":\"Organization\",\"@id\":\"https:\/\/www.lhc-consulting.de\/#organization\",\"name\":\"LHC Consulting\",\"url\":\"https:\/\/www.lhc-consulting.de\/\",\"logo\":{\"@type\":\"ImageObject\",\"inLanguage\":\"es\",\"@id\":\"https:\/\/www.lhc-consulting.de\/#\/schema\/logo\/image\/\",\"url\":\"https:\/\/www.lhc-consulting.de\/wp-content\/uploads\/2023\/06\/lhc-consulting-lindenau-logo.png\",\"contentUrl\":\"https:\/\/www.lhc-consulting.de\/wp-content\/uploads\/2023\/06\/lhc-consulting-lindenau-logo.png\",\"width\":500,\"height\":218,\"caption\":\"LHC Consulting\"},\"image\":{\"@id\":\"https:\/\/www.lhc-consulting.de\/#\/schema\/logo\/image\/\"},\"sameAs\":[\"https:\/\/www.facebook.com\/profile.php?id=100087898374630\",\"https:\/\/www.instagram.com\/lhc_consulting_\/?igshid=YmMyMTA2M2Y\"]}]}<\/script>\n<!-- \/ Yoast SEO plugin. -->","yoast_head_json":{"title":"Optimizaci\u00f3n de Ocupac\u00f3n y Yield Management - LHC Consulting","robots":{"index":"index","follow":"follow","max-snippet":"max-snippet:-1","max-image-preview":"max-image-preview:large","max-video-preview":"max-video-preview:-1"},"canonical":"https:\/\/www.lhc-consulting.de\/leistungen\/belegungs-und-umsatzoptimierung\/","og_locale":"es_ES","og_type":"article","og_title":"Optimizaci\u00f3n de Ocupac\u00f3n y Yield Management - LHC Consulting","og_description":"Yield Management &#8211; Optimizaci\u00f3n de la ocupaci\u00f3n y negocio.\u200b En el sector hotelero es donde se encuentra la mayor parte de los beneficios. Aqu\u00ed es donde se gana el dinero tan importante para sus pr\u00f3ximas inversiones. \u00bfQuieren ustedes aumentar el volumen de negocio de su alojamiento de forma significativa y sostenible? Analizamos sus pautas de reserva y desarrollamos estrategias de precios adecuadas, incluso en un entorno dif\u00edcil. Nuestra excelente experiencia es la garant\u00eda de su \u00e9xito. Yield Management Yield Management es la m\u00e1xima clase para crear una utilizaci\u00f3n \u00f3ptima de la capacidad con un mayor volumen de negocio al mismo tiempo. Puede confiar en nuestros muchos a\u00f1os de experiencia en Yield Management. Asumimos por usted el control y la gesti\u00f3n completos de sus canales de venta electr\u00f3nicos. Trabajamos de forma proactiva: Usted recibe an\u00e1lisis peri\u00f3dicos de las tendencias de sus reservas y comparaciones con su presupuesto de alojamiento. S\u00f3lo as\u00ed tendr\u00e1 una visi\u00f3n real de la evoluci\u00f3n de su negocio. \u00bfUsted tienen preguntas? \u00a1Estaremos encantados de asesorarle!\u200b Cont\u00e1ctenos aqu\u00ed!","og_url":"https:\/\/www.lhc-consulting.de\/leistungen\/belegungs-und-umsatzoptimierung\/","og_site_name":"LHC Consulting","article_publisher":"https:\/\/www.facebook.com\/profile.php?id=100087898374630","article_modified_time":"2023-06-22T14:29:41+00:00","og_image":[{"url":"https:\/\/www.lhc-consulting.de\/wp-content\/uploads\/2023\/06\/WEB-AdobeStock_93640906-300x166-1.jpg","type":"","width":"","height":""}],"twitter_card":"summary_large_image","twitter_misc":{"Tiempo de lectura":"2 minutos"},"schema":{"@context":"https:\/\/schema.org","@graph":[{"@type":"WebPage","@id":"https:\/\/www.lhc-consulting.de\/leistungen\/belegungs-und-umsatzoptimierung\/","url":"https:\/\/www.lhc-consulting.de\/leistungen\/belegungs-und-umsatzoptimierung\/","name":"Optimizaci\u00f3n de Ocupac\u00f3n y Yield Management - LHC Consulting","isPartOf":{"@id":"https:\/\/www.lhc-consulting.de\/#website"},"primaryImageOfPage":{"@id":"https:\/\/www.lhc-consulting.de\/leistungen\/belegungs-und-umsatzoptimierung\/#primaryimage"},"image":{"@id":"https:\/\/www.lhc-consulting.de\/leistungen\/belegungs-und-umsatzoptimierung\/#primaryimage"},"thumbnailUrl":"https:\/\/www.lhc-consulting.de\/wp-content\/uploads\/2023\/06\/WEB-AdobeStock_93640906-300x166-1.jpg","datePublished":"2023-06-16T08:39:15+00:00","dateModified":"2023-06-22T14:29:41+00:00","breadcrumb":{"@id":"https:\/\/www.lhc-consulting.de\/leistungen\/belegungs-und-umsatzoptimierung\/#breadcrumb"},"inLanguage":"es","potentialAction":[{"@type":"ReadAction","target":["https:\/\/www.lhc-consulting.de\/leistungen\/belegungs-und-umsatzoptimierung\/"]}]},{"@type":"ImageObject","inLanguage":"es","@id":"https:\/\/www.lhc-consulting.de\/leistungen\/belegungs-und-umsatzoptimierung\/#primaryimage","url":"https:\/\/www.lhc-consulting.de\/wp-content\/uploads\/2023\/06\/WEB-AdobeStock_93640906-300x166-1.jpg","contentUrl":"https:\/\/www.lhc-consulting.de\/wp-content\/uploads\/2023\/06\/WEB-AdobeStock_93640906-300x166-1.jpg"},{"@type":"BreadcrumbList","@id":"https:\/\/www.lhc-consulting.de\/leistungen\/belegungs-und-umsatzoptimierung\/#breadcrumb","itemListElement":[{"@type":"ListItem","position":1,"name":"Home","item":"https:\/\/www.lhc-consulting.de\/es\/"},{"@type":"ListItem","position":2,"name":"Servicios","item":"https:\/\/www.lhc-consulting.de\/es\/servicios\/"},{"@type":"ListItem","position":3,"name":"Optimizaci\u00f3n de Ocupac\u00f3n y Yield Management"}]},{"@type":"WebSite","@id":"https:\/\/www.lhc-consulting.de\/#website","url":"https:\/\/www.lhc-consulting.de\/","name":"LHC Consulting","description":"Wir liefern den Erfolg f\u00fcr Ihr Hotel","publisher":{"@id":"https:\/\/www.lhc-consulting.de\/#organization"},"potentialAction":[{"@type":"SearchAction","target":{"@type":"EntryPoint","urlTemplate":"https:\/\/www.lhc-consulting.de\/?s={search_term_string}"},"query-input":{"@type":"PropertyValueSpecification","valueRequired":true,"valueName":"search_term_string"}}],"inLanguage":"es"},{"@type":"Organization","@id":"https:\/\/www.lhc-consulting.de\/#organization","name":"LHC Consulting","url":"https:\/\/www.lhc-consulting.de\/","logo":{"@type":"ImageObject","inLanguage":"es","@id":"https:\/\/www.lhc-consulting.de\/#\/schema\/logo\/image\/","url":"https:\/\/www.lhc-consulting.de\/wp-content\/uploads\/2023\/06\/lhc-consulting-lindenau-logo.png","contentUrl":"https:\/\/www.lhc-consulting.de\/wp-content\/uploads\/2023\/06\/lhc-consulting-lindenau-logo.png","width":500,"height":218,"caption":"LHC Consulting"},"image":{"@id":"https:\/\/www.lhc-consulting.de\/#\/schema\/logo\/image\/"},"sameAs":["https:\/\/www.facebook.com\/profile.php?id=100087898374630","https:\/\/www.instagram.com\/lhc_consulting_\/?igshid=YmMyMTA2M2Y"]}]}},"_links":{"self":[{"href":"https:\/\/www.lhc-consulting.de\/es\/wp-json\/wp\/v2\/pages\/713","targetHints":{"allow":["GET"]}}],"collection":[{"href":"https:\/\/www.lhc-consulting.de\/es\/wp-json\/wp\/v2\/pages"}],"about":[{"href":"https:\/\/www.lhc-consulting.de\/es\/wp-json\/wp\/v2\/types\/page"}],"author":[{"embeddable":true,"href":"https:\/\/www.lhc-consulting.de\/es\/wp-json\/wp\/v2\/users\/1"}],"replies":[{"embeddable":true,"href":"https:\/\/www.lhc-consulting.de\/es\/wp-json\/wp\/v2\/comments?post=713"}],"version-history":[{"count":19,"href":"https:\/\/www.lhc-consulting.de\/es\/wp-json\/wp\/v2\/pages\/713\/revisions"}],"predecessor-version":[{"id":1793,"href":"https:\/\/www.lhc-consulting.de\/es\/wp-json\/wp\/v2\/pages\/713\/revisions\/1793"}],"up":[{"embeddable":true,"href":"https:\/\/www.lhc-consulting.de\/es\/wp-json\/wp\/v2\/pages\/700"}],"wp:attachment":[{"href":"https:\/\/www.lhc-consulting.de\/es\/wp-json\/wp\/v2\/media?parent=713"}],"curies":[{"name":"wp","href":"https:\/\/api.w.org\/{rel}","templated":true}]}}