{"id":746,"date":"2023-06-16T11:05:30","date_gmt":"2023-06-16T09:05:30","guid":{"rendered":"http:\/\/neu.lhc-consulting.de\/servicios\/markt-und-machbarkeitsstudien\/"},"modified":"2023-06-22T16:29:27","modified_gmt":"2023-06-22T14:29:27","slug":"estudios-de-mercado-y-viabilidad","status":"publish","type":"page","link":"https:\/\/www.lhc-consulting.de\/es\/servicios\/estudios-de-mercado-y-viabilidad\/","title":{"rendered":"Estudios de Mercado y Viabilidad"},"content":{"rendered":"\t\t<div data-elementor-type=\"wp-post\" data-elementor-id=\"746\" class=\"elementor elementor-746\">\n\t\t\t\t\t\t<section class=\"elementor-section elementor-top-section elementor-element elementor-element-26f1871 elementor-section-height-min-height elementor-section-boxed elementor-section-height-default elementor-section-items-middle wpr-particle-no wpr-jarallax-no wpr-parallax-no wpr-sticky-section-no wpr-equal-height-no\" data-id=\"26f1871\" data-element_type=\"section\" data-e-type=\"section\" data-settings=\"{&quot;background_background&quot;:&quot;classic&quot;}\">\n\t\t\t\t\t\t\t<div class=\"elementor-background-overlay\"><\/div>\n\t\t\t\t\t\t\t<div class=\"elementor-container elementor-column-gap-default\">\n\t\t\t\t\t<div class=\"elementor-column elementor-col-100 elementor-top-column elementor-element elementor-element-130b781\" data-id=\"130b781\" data-element_type=\"column\" data-e-type=\"column\">\n\t\t\t<div class=\"elementor-widget-wrap\">\n\t\t\t\t\t\t\t<\/div>\n\t\t<\/div>\n\t\t\t\t\t<\/div>\n\t\t<\/section>\n\t\t\t\t<section class=\"elementor-section elementor-top-section elementor-element elementor-element-b81f10c elementor-section-boxed elementor-section-height-default elementor-section-height-default wpr-particle-no wpr-jarallax-no wpr-parallax-no wpr-sticky-section-no wpr-equal-height-no\" data-id=\"b81f10c\" data-element_type=\"section\" data-e-type=\"section\" data-settings=\"{&quot;background_background&quot;:&quot;classic&quot;}\">\n\t\t\t\t\t\t<div class=\"elementor-container elementor-column-gap-default\">\n\t\t\t\t\t<div class=\"elementor-column elementor-col-100 elementor-top-column elementor-element elementor-element-ccac7f2\" data-id=\"ccac7f2\" data-element_type=\"column\" data-e-type=\"column\">\n\t\t\t<div class=\"elementor-widget-wrap elementor-element-populated\">\n\t\t\t\t\t\t<div class=\"elementor-element elementor-element-e2f3f59 elementor-widget elementor-widget-text-editor\" data-id=\"e2f3f59\" data-element_type=\"widget\" data-e-type=\"widget\" data-widget_type=\"text-editor.default\">\n\t\t\t\t<div class=\"elementor-widget-container\">\n\t\t\t\t\t\t\t\t\t<p><span style=\"color: #ffffff;\"><span><span><a href=\"https:\/\/www.lhc-consulting.de\/es\/\">Home<\/a><\/span><\/span><\/span><br \/><span style=\"color: #ffffff;\"><\/span><\/p>\t\t\t\t\t\t\t\t<\/div>\n\t\t\t\t<\/div>\n\t\t\t\t\t<\/div>\n\t\t<\/div>\n\t\t\t\t\t<\/div>\n\t\t<\/section>\n\t\t\t\t<section class=\"elementor-section elementor-top-section elementor-element elementor-element-026ea4c elementor-section-boxed elementor-section-height-default elementor-section-height-default wpr-particle-no wpr-jarallax-no wpr-parallax-no wpr-sticky-section-no wpr-equal-height-no\" data-id=\"026ea4c\" data-element_type=\"section\" data-e-type=\"section\">\n\t\t\t\t\t\t<div class=\"elementor-container elementor-column-gap-default\">\n\t\t\t\t\t<div class=\"elementor-column elementor-col-100 elementor-top-column elementor-element elementor-element-e927527\" data-id=\"e927527\" data-element_type=\"column\" data-e-type=\"column\">\n\t\t\t<div class=\"elementor-widget-wrap elementor-element-populated\">\n\t\t\t\t\t\t<div class=\"elementor-element elementor-element-c501d7a elementor-widget elementor-widget-heading\" data-id=\"c501d7a\" data-element_type=\"widget\" data-e-type=\"widget\" data-widget_type=\"heading.default\">\n\t\t\t\t<div class=\"elementor-widget-container\">\n\t\t\t\t\t<h2 class=\"elementor-heading-title elementor-size-default\">Estudios de mercado y viabilidad.\u200b<\/h2>\t\t\t\t<\/div>\n\t\t\t\t<\/div>\n\t\t\t\t<div class=\"elementor-element elementor-element-ad171bc elementor-widget elementor-widget-text-editor\" data-id=\"ad171bc\" data-element_type=\"widget\" data-e-type=\"widget\" data-widget_type=\"text-editor.default\">\n\t\t\t\t<div class=\"elementor-widget-container\">\n\t\t\t\t\t\t\t\t\t<p>Usted est\u00e1 planificando un nuevo negocio. O una reconversi\u00f3n y ampliaci\u00f3n.<\/p><p>Comprobamos el entorno y las condiciones del mercado por usted. Significativo, detallado y objetivo. Como parte del estudio de viabilidad, elaboramos previsiones fiables para su futuro negocio.<\/p><p>Nuestro enfoque y nuestros presupuestos son siempre conservadores y realistas. No nos dedicamos a hacer c\u00e1lculos finos. Esto garantiza que su inversi\u00f3n d\u00e9 los frutos previstos.<\/p><p>Los resultados son indispensables para la puesta en marcha de su nuevo proyecto.<\/p>\t\t\t\t\t\t\t\t<\/div>\n\t\t\t\t<\/div>\n\t\t\t\t<div class=\"elementor-element elementor-element-16d9a43 elementor-widget-divider--view-line elementor-widget elementor-widget-divider\" data-id=\"16d9a43\" data-element_type=\"widget\" data-e-type=\"widget\" data-widget_type=\"divider.default\">\n\t\t\t\t<div class=\"elementor-widget-container\">\n\t\t\t\t\t\t\t<div class=\"elementor-divider\">\n\t\t\t<span class=\"elementor-divider-separator\">\n\t\t\t\t\t\t<\/span>\n\t\t<\/div>\n\t\t\t\t\t\t<\/div>\n\t\t\t\t<\/div>\n\t\t\t\t\t<\/div>\n\t\t<\/div>\n\t\t\t\t\t<\/div>\n\t\t<\/section>\n\t\t\t\t<section class=\"elementor-section elementor-top-section elementor-element elementor-element-02e7af7 elementor-section-boxed elementor-section-height-default elementor-section-height-default wpr-particle-no wpr-jarallax-no wpr-parallax-no wpr-sticky-section-no wpr-equal-height-no\" data-id=\"02e7af7\" data-element_type=\"section\" data-e-type=\"section\">\n\t\t\t\t\t\t<div class=\"elementor-container elementor-column-gap-default\">\n\t\t\t\t\t<div class=\"elementor-column elementor-col-50 elementor-top-column elementor-element elementor-element-a607978\" data-id=\"a607978\" data-element_type=\"column\" data-e-type=\"column\">\n\t\t\t<div class=\"elementor-widget-wrap elementor-element-populated\">\n\t\t\t\t\t\t<div class=\"elementor-element elementor-element-c84be2d elementor-widget elementor-widget-heading\" data-id=\"c84be2d\" data-element_type=\"widget\" data-e-type=\"widget\" data-widget_type=\"heading.default\">\n\t\t\t\t<div class=\"elementor-widget-container\">\n\t\t\t\t\t<h3 class=\"elementor-heading-title elementor-size-default\">Estudios de proyectos\u200b<\/h3>\t\t\t\t<\/div>\n\t\t\t\t<\/div>\n\t\t\t\t<div class=\"elementor-element elementor-element-0b37870 elementor-icon-list--layout-traditional elementor-list-item-link-full_width elementor-widget elementor-widget-icon-list\" data-id=\"0b37870\" data-element_type=\"widget\" data-e-type=\"widget\" data-widget_type=\"icon-list.default\">\n\t\t\t\t<div class=\"elementor-widget-container\">\n\t\t\t\t\t\t\t<ul class=\"elementor-icon-list-items\">\n\t\t\t\t\t\t\t<li class=\"elementor-icon-list-item\">\n\t\t\t\t\t\t\t\t\t\t\t<span class=\"elementor-icon-list-icon\">\n\t\t\t\t\t\t\t<i aria-hidden=\"true\" class=\"fas fa-square-full\"><\/i>\t\t\t\t\t\t<\/span>\n\t\t\t\t\t\t\t\t\t\t<span class=\"elementor-icon-list-text\">El objetivo \u00faltimo en nuestros c\u00e1lculos es el \u00e9xito a largo plazo del proyecto, tanto para el inversor como para el operador.<\/span>\n\t\t\t\t\t\t\t\t\t<\/li>\n\t\t\t\t\t\t\t\t<li class=\"elementor-icon-list-item\">\n\t\t\t\t\t\t\t\t\t\t\t<span class=\"elementor-icon-list-icon\">\n\t\t\t\t\t\t\t<i aria-hidden=\"true\" class=\"fas fa-square-full\"><\/i>\t\t\t\t\t\t<\/span>\n\t\t\t\t\t\t\t\t\t\t<span class=\"elementor-icon-list-text\">En el marco de los complejos an\u00e1lisis de localizaci\u00f3n de la macrozona y la microzona, determinamos el potencial de mercado para la operaci\u00f3n prevista.<\/span>\n\t\t\t\t\t\t\t\t\t<\/li>\n\t\t\t\t\t\t\t\t<li class=\"elementor-icon-list-item\">\n\t\t\t\t\t\t\t\t\t\t\t<span class=\"elementor-icon-list-icon\">\n\t\t\t\t\t\t\t<i aria-hidden=\"true\" class=\"fas fa-square-full\"><\/i>\t\t\t\t\t\t<\/span>\n\t\t\t\t\t\t\t\t\t\t<span class=\"elementor-icon-list-text\">Mediante un enfoque muy individual, identificamos de antemano las posibles dificultades, que deben incorporarse a la planificaci\u00f3n.<\/span>\n\t\t\t\t\t\t\t\t\t<\/li>\n\t\t\t\t\t\t<\/ul>\n\t\t\t\t\t\t<\/div>\n\t\t\t\t<\/div>\n\t\t\t\t\t<\/div>\n\t\t<\/div>\n\t\t\t\t<div class=\"elementor-column elementor-col-50 elementor-top-column elementor-element elementor-element-20c0b48\" data-id=\"20c0b48\" data-element_type=\"column\" data-e-type=\"column\">\n\t\t\t<div class=\"elementor-widget-wrap elementor-element-populated\">\n\t\t\t\t\t\t<div class=\"elementor-element elementor-element-2d41b43 elementor-widget elementor-widget-image\" data-id=\"2d41b43\" data-element_type=\"widget\" data-e-type=\"widget\" data-widget_type=\"image.default\">\n\t\t\t\t<div class=\"elementor-widget-container\">\n\t\t\t\t\t\t\t\t\t\t\t\t\t\t\t<img decoding=\"async\" width=\"300\" height=\"166\" src=\"https:\/\/www.lhc-consulting.de\/wp-content\/uploads\/2023\/06\/WEB-AdobeStock_102970046-300x166-1.jpg\" class=\"attachment-large size-large wp-image-284\" alt=\"LHC Consulting Hotelberatung W\u00fcrzburg\" style=\"width:100%;height:55.33%;max-width:300px\" \/>\t\t\t\t\t\t\t\t\t\t\t\t\t\t\t<\/div>\n\t\t\t\t<\/div>\n\t\t\t\t<div class=\"elementor-element elementor-element-5032762 elementor-widget elementor-widget-image\" data-id=\"5032762\" data-element_type=\"widget\" data-e-type=\"widget\" data-widget_type=\"image.default\">\n\t\t\t\t<div class=\"elementor-widget-container\">\n\t\t\t\t\t\t\t\t\t\t\t\t\t\t\t<img decoding=\"async\" width=\"300\" height=\"166\" src=\"https:\/\/www.lhc-consulting.de\/wp-content\/uploads\/2023\/06\/WEB-AdobeStock_58745790-300x166-1.jpg\" class=\"attachment-large size-large wp-image-282\" alt=\"LHC Consulting Hotelberatung W\u00fcrzburg\" style=\"width:100%;height:55.33%;max-width:300px\" \/>\t\t\t\t\t\t\t\t\t\t\t\t\t\t\t<\/div>\n\t\t\t\t<\/div>\n\t\t\t\t<div class=\"elementor-element elementor-element-bd69f0b elementor-widget elementor-widget-image\" data-id=\"bd69f0b\" data-element_type=\"widget\" data-e-type=\"widget\" data-widget_type=\"image.default\">\n\t\t\t\t<div class=\"elementor-widget-container\">\n\t\t\t\t\t\t\t\t\t\t\t\t\t\t\t<img decoding=\"async\" width=\"300\" height=\"166\" src=\"https:\/\/www.lhc-consulting.de\/wp-content\/uploads\/2023\/06\/WEB-AdobeStock_131238764-300x166-1.jpg\" class=\"attachment-large size-large wp-image-280\" alt=\"LHC Consulting Hotelberatung W\u00fcrzburg\" style=\"width:100%;height:55.33%;max-width:300px\" \/>\t\t\t\t\t\t\t\t\t\t\t\t\t\t\t<\/div>\n\t\t\t\t<\/div>\n\t\t\t\t\t<\/div>\n\t\t<\/div>\n\t\t\t\t\t<\/div>\n\t\t<\/section>\n\t\t\t\t<section class=\"elementor-section elementor-top-section elementor-element elementor-element-7aa01f8 elementor-section-boxed elementor-section-height-default elementor-section-height-default wpr-particle-no wpr-jarallax-no wpr-parallax-no wpr-sticky-section-no wpr-equal-height-no\" data-id=\"7aa01f8\" data-element_type=\"section\" data-e-type=\"section\" data-settings=\"{&quot;background_background&quot;:&quot;classic&quot;}\">\n\t\t\t\t\t\t\t<div class=\"elementor-background-overlay\"><\/div>\n\t\t\t\t\t\t\t<div class=\"elementor-container elementor-column-gap-default\">\n\t\t\t\t\t<div class=\"elementor-column elementor-col-50 elementor-top-column elementor-element elementor-element-b878b7a\" data-id=\"b878b7a\" data-element_type=\"column\" data-e-type=\"column\">\n\t\t\t<div class=\"elementor-widget-wrap elementor-element-populated\">\n\t\t\t\t\t\t<div class=\"elementor-element elementor-element-82c62c8 elementor-widget elementor-widget-heading\" data-id=\"82c62c8\" data-element_type=\"widget\" data-e-type=\"widget\" data-widget_type=\"heading.default\">\n\t\t\t\t<div class=\"elementor-widget-container\">\n\t\t\t\t\t<h3 class=\"elementor-heading-title elementor-size-default\">\u00bfUsted tienen preguntas? \u00a1Estaremos encantados de asesorarle!\u200b<\/h3>\t\t\t\t<\/div>\n\t\t\t\t<\/div>\n\t\t\t\t\t<\/div>\n\t\t<\/div>\n\t\t\t\t<div class=\"elementor-column elementor-col-50 elementor-top-column elementor-element elementor-element-cc3573e\" data-id=\"cc3573e\" data-element_type=\"column\" data-e-type=\"column\">\n\t\t\t<div class=\"elementor-widget-wrap elementor-element-populated\">\n\t\t\t\t\t\t<div class=\"elementor-element elementor-element-b9734fe elementor-align-center elementor-mobile-align-left elementor-widget elementor-widget-button\" data-id=\"b9734fe\" data-element_type=\"widget\" data-e-type=\"widget\" data-widget_type=\"button.default\">\n\t\t\t\t<div class=\"elementor-widget-container\">\n\t\t\t\t\t\t\t\t\t<div class=\"elementor-button-wrapper\">\n\t\t\t\t\t<a class=\"elementor-button elementor-button-link elementor-size-lg\" href=\"\/es\/contacto\">\n\t\t\t\t\t\t<span class=\"elementor-button-content-wrapper\">\n\t\t\t\t\t\t\t\t\t<span class=\"elementor-button-text\">Cont\u00e1ctenos aqu\u00ed!<\/span>\n\t\t\t\t\t<\/span>\n\t\t\t\t\t<\/a>\n\t\t\t\t<\/div>\n\t\t\t\t\t\t\t\t<\/div>\n\t\t\t\t<\/div>\n\t\t\t\t\t<\/div>\n\t\t<\/div>\n\t\t\t\t\t<\/div>\n\t\t<\/section>\n\t\t\t\t<\/div>\n\t\t","protected":false},"excerpt":{"rendered":"<p>Estudios de mercado y viabilidad.\u200b Usted est\u00e1 planificando un nuevo negocio. O una reconversi\u00f3n y ampliaci\u00f3n. Comprobamos el entorno y las condiciones del mercado por usted. Significativo, detallado y objetivo. Como parte del estudio de viabilidad, elaboramos previsiones fiables para su futuro negocio. Nuestro enfoque y nuestros presupuestos son siempre conservadores y realistas. No nos dedicamos a hacer c\u00e1lculos finos. Esto garantiza que su inversi\u00f3n d\u00e9 los frutos previstos. Los resultados son indispensables para la puesta en marcha de su nuevo proyecto. Estudios de proyectos\u200b El objetivo \u00faltimo en nuestros c\u00e1lculos es el \u00e9xito a largo plazo del proyecto, tanto para el inversor como para el operador. En el marco de los complejos an\u00e1lisis de localizaci\u00f3n de la macrozona y la microzona, determinamos el potencial de mercado para la operaci\u00f3n prevista. Mediante un enfoque muy individual, identificamos de antemano las posibles dificultades, que deben incorporarse a la planificaci\u00f3n. \u00bfUsted tienen preguntas? \u00a1Estaremos encantados de asesorarle!\u200b Cont\u00e1ctenos aqu\u00ed!<\/p>\n","protected":false},"author":1,"featured_media":0,"parent":700,"menu_order":0,"comment_status":"closed","ping_status":"closed","template":"elementor_header_footer","meta":{"footnotes":""},"class_list":["post-746","page","type-page","status-publish","hentry","entry"],"yoast_head":"<!-- This site is optimized with the Yoast SEO plugin v27.0 - https:\/\/yoast.com\/product\/yoast-seo-wordpress\/ -->\n<title>Estudios de Mercado y Viabilidad - LHC Consulting<\/title>\n<meta name=\"robots\" content=\"index, follow, max-snippet:-1, max-image-preview:large, max-video-preview:-1\" \/>\n<link rel=\"canonical\" href=\"https:\/\/www.lhc-consulting.de\/leistungen\/markt-und-machbarkeitsstudien\/\" \/>\n<meta property=\"og:locale\" content=\"es_ES\" \/>\n<meta property=\"og:type\" content=\"article\" \/>\n<meta property=\"og:title\" content=\"Estudios de Mercado y Viabilidad - LHC Consulting\" \/>\n<meta property=\"og:description\" content=\"Estudios de mercado y viabilidad.\u200b Usted est\u00e1 planificando un nuevo negocio. O una reconversi\u00f3n y ampliaci\u00f3n. Comprobamos el entorno y las condiciones del mercado por usted. Significativo, detallado y objetivo. Como parte del estudio de viabilidad, elaboramos previsiones fiables para su futuro negocio. Nuestro enfoque y nuestros presupuestos son siempre conservadores y realistas. No nos dedicamos a hacer c\u00e1lculos finos. Esto garantiza que su inversi\u00f3n d\u00e9 los frutos previstos. Los resultados son indispensables para la puesta en marcha de su nuevo proyecto. Estudios de proyectos\u200b El objetivo \u00faltimo en nuestros c\u00e1lculos es el \u00e9xito a largo plazo del proyecto, tanto para el inversor como para el operador. En el marco de los complejos an\u00e1lisis de localizaci\u00f3n de la macrozona y la microzona, determinamos el potencial de mercado para la operaci\u00f3n prevista. Mediante un enfoque muy individual, identificamos de antemano las posibles dificultades, que deben incorporarse a la planificaci\u00f3n. \u00bfUsted tienen preguntas? \u00a1Estaremos encantados de asesorarle!\u200b Cont\u00e1ctenos aqu\u00ed!\" \/>\n<meta property=\"og:url\" content=\"https:\/\/www.lhc-consulting.de\/leistungen\/markt-und-machbarkeitsstudien\/\" \/>\n<meta property=\"og:site_name\" content=\"LHC Consulting\" \/>\n<meta property=\"article:publisher\" content=\"https:\/\/www.facebook.com\/profile.php?id=100087898374630\" \/>\n<meta property=\"article:modified_time\" content=\"2023-06-22T14:29:27+00:00\" \/>\n<meta property=\"og:image\" content=\"https:\/\/www.lhc-consulting.de\/wp-content\/uploads\/2023\/06\/WEB-AdobeStock_102970046-300x166-1.jpg\" \/>\n<meta name=\"twitter:card\" content=\"summary_large_image\" \/>\n<meta name=\"twitter:label1\" content=\"Tiempo de lectura\" \/>\n\t<meta name=\"twitter:data1\" content=\"2 minutos\" \/>\n<script type=\"application\/ld+json\" class=\"yoast-schema-graph\">{\"@context\":\"https:\/\/schema.org\",\"@graph\":[{\"@type\":\"WebPage\",\"@id\":\"https:\/\/www.lhc-consulting.de\/leistungen\/markt-und-machbarkeitsstudien\/\",\"url\":\"https:\/\/www.lhc-consulting.de\/leistungen\/markt-und-machbarkeitsstudien\/\",\"name\":\"Estudios de Mercado y Viabilidad - LHC Consulting\",\"isPartOf\":{\"@id\":\"https:\/\/www.lhc-consulting.de\/#website\"},\"primaryImageOfPage\":{\"@id\":\"https:\/\/www.lhc-consulting.de\/leistungen\/markt-und-machbarkeitsstudien\/#primaryimage\"},\"image\":{\"@id\":\"https:\/\/www.lhc-consulting.de\/leistungen\/markt-und-machbarkeitsstudien\/#primaryimage\"},\"thumbnailUrl\":\"https:\/\/www.lhc-consulting.de\/wp-content\/uploads\/2023\/06\/WEB-AdobeStock_102970046-300x166-1.jpg\",\"datePublished\":\"2023-06-16T09:05:30+00:00\",\"dateModified\":\"2023-06-22T14:29:27+00:00\",\"breadcrumb\":{\"@id\":\"https:\/\/www.lhc-consulting.de\/leistungen\/markt-und-machbarkeitsstudien\/#breadcrumb\"},\"inLanguage\":\"es\",\"potentialAction\":[{\"@type\":\"ReadAction\",\"target\":[\"https:\/\/www.lhc-consulting.de\/leistungen\/markt-und-machbarkeitsstudien\/\"]}]},{\"@type\":\"ImageObject\",\"inLanguage\":\"es\",\"@id\":\"https:\/\/www.lhc-consulting.de\/leistungen\/markt-und-machbarkeitsstudien\/#primaryimage\",\"url\":\"https:\/\/www.lhc-consulting.de\/wp-content\/uploads\/2023\/06\/WEB-AdobeStock_102970046-300x166-1.jpg\",\"contentUrl\":\"https:\/\/www.lhc-consulting.de\/wp-content\/uploads\/2023\/06\/WEB-AdobeStock_102970046-300x166-1.jpg\"},{\"@type\":\"BreadcrumbList\",\"@id\":\"https:\/\/www.lhc-consulting.de\/leistungen\/markt-und-machbarkeitsstudien\/#breadcrumb\",\"itemListElement\":[{\"@type\":\"ListItem\",\"position\":1,\"name\":\"Home\",\"item\":\"https:\/\/www.lhc-consulting.de\/es\/\"},{\"@type\":\"ListItem\",\"position\":2,\"name\":\"Servicios\",\"item\":\"https:\/\/www.lhc-consulting.de\/es\/servicios\/\"},{\"@type\":\"ListItem\",\"position\":3,\"name\":\"Estudios de Mercado y Viabilidad\"}]},{\"@type\":\"WebSite\",\"@id\":\"https:\/\/www.lhc-consulting.de\/#website\",\"url\":\"https:\/\/www.lhc-consulting.de\/\",\"name\":\"LHC Consulting\",\"description\":\"Wir liefern den Erfolg f\u00fcr Ihr Hotel\",\"publisher\":{\"@id\":\"https:\/\/www.lhc-consulting.de\/#organization\"},\"potentialAction\":[{\"@type\":\"SearchAction\",\"target\":{\"@type\":\"EntryPoint\",\"urlTemplate\":\"https:\/\/www.lhc-consulting.de\/?s={search_term_string}\"},\"query-input\":{\"@type\":\"PropertyValueSpecification\",\"valueRequired\":true,\"valueName\":\"search_term_string\"}}],\"inLanguage\":\"es\"},{\"@type\":\"Organization\",\"@id\":\"https:\/\/www.lhc-consulting.de\/#organization\",\"name\":\"LHC Consulting\",\"url\":\"https:\/\/www.lhc-consulting.de\/\",\"logo\":{\"@type\":\"ImageObject\",\"inLanguage\":\"es\",\"@id\":\"https:\/\/www.lhc-consulting.de\/#\/schema\/logo\/image\/\",\"url\":\"https:\/\/www.lhc-consulting.de\/wp-content\/uploads\/2023\/06\/lhc-consulting-lindenau-logo.png\",\"contentUrl\":\"https:\/\/www.lhc-consulting.de\/wp-content\/uploads\/2023\/06\/lhc-consulting-lindenau-logo.png\",\"width\":500,\"height\":218,\"caption\":\"LHC Consulting\"},\"image\":{\"@id\":\"https:\/\/www.lhc-consulting.de\/#\/schema\/logo\/image\/\"},\"sameAs\":[\"https:\/\/www.facebook.com\/profile.php?id=100087898374630\",\"https:\/\/www.instagram.com\/lhc_consulting_\/?igshid=YmMyMTA2M2Y\"]}]}<\/script>\n<!-- \/ Yoast SEO plugin. -->","yoast_head_json":{"title":"Estudios de Mercado y Viabilidad - LHC Consulting","robots":{"index":"index","follow":"follow","max-snippet":"max-snippet:-1","max-image-preview":"max-image-preview:large","max-video-preview":"max-video-preview:-1"},"canonical":"https:\/\/www.lhc-consulting.de\/leistungen\/markt-und-machbarkeitsstudien\/","og_locale":"es_ES","og_type":"article","og_title":"Estudios de Mercado y Viabilidad - LHC Consulting","og_description":"Estudios de mercado y viabilidad.\u200b Usted est\u00e1 planificando un nuevo negocio. O una reconversi\u00f3n y ampliaci\u00f3n. Comprobamos el entorno y las condiciones del mercado por usted. Significativo, detallado y objetivo. Como parte del estudio de viabilidad, elaboramos previsiones fiables para su futuro negocio. Nuestro enfoque y nuestros presupuestos son siempre conservadores y realistas. No nos dedicamos a hacer c\u00e1lculos finos. Esto garantiza que su inversi\u00f3n d\u00e9 los frutos previstos. Los resultados son indispensables para la puesta en marcha de su nuevo proyecto. Estudios de proyectos\u200b El objetivo \u00faltimo en nuestros c\u00e1lculos es el \u00e9xito a largo plazo del proyecto, tanto para el inversor como para el operador. En el marco de los complejos an\u00e1lisis de localizaci\u00f3n de la macrozona y la microzona, determinamos el potencial de mercado para la operaci\u00f3n prevista. Mediante un enfoque muy individual, identificamos de antemano las posibles dificultades, que deben incorporarse a la planificaci\u00f3n. \u00bfUsted tienen preguntas? \u00a1Estaremos encantados de asesorarle!\u200b Cont\u00e1ctenos aqu\u00ed!","og_url":"https:\/\/www.lhc-consulting.de\/leistungen\/markt-und-machbarkeitsstudien\/","og_site_name":"LHC Consulting","article_publisher":"https:\/\/www.facebook.com\/profile.php?id=100087898374630","article_modified_time":"2023-06-22T14:29:27+00:00","og_image":[{"url":"https:\/\/www.lhc-consulting.de\/wp-content\/uploads\/2023\/06\/WEB-AdobeStock_102970046-300x166-1.jpg","type":"","width":"","height":""}],"twitter_card":"summary_large_image","twitter_misc":{"Tiempo de lectura":"2 minutos"},"schema":{"@context":"https:\/\/schema.org","@graph":[{"@type":"WebPage","@id":"https:\/\/www.lhc-consulting.de\/leistungen\/markt-und-machbarkeitsstudien\/","url":"https:\/\/www.lhc-consulting.de\/leistungen\/markt-und-machbarkeitsstudien\/","name":"Estudios de Mercado y Viabilidad - LHC Consulting","isPartOf":{"@id":"https:\/\/www.lhc-consulting.de\/#website"},"primaryImageOfPage":{"@id":"https:\/\/www.lhc-consulting.de\/leistungen\/markt-und-machbarkeitsstudien\/#primaryimage"},"image":{"@id":"https:\/\/www.lhc-consulting.de\/leistungen\/markt-und-machbarkeitsstudien\/#primaryimage"},"thumbnailUrl":"https:\/\/www.lhc-consulting.de\/wp-content\/uploads\/2023\/06\/WEB-AdobeStock_102970046-300x166-1.jpg","datePublished":"2023-06-16T09:05:30+00:00","dateModified":"2023-06-22T14:29:27+00:00","breadcrumb":{"@id":"https:\/\/www.lhc-consulting.de\/leistungen\/markt-und-machbarkeitsstudien\/#breadcrumb"},"inLanguage":"es","potentialAction":[{"@type":"ReadAction","target":["https:\/\/www.lhc-consulting.de\/leistungen\/markt-und-machbarkeitsstudien\/"]}]},{"@type":"ImageObject","inLanguage":"es","@id":"https:\/\/www.lhc-consulting.de\/leistungen\/markt-und-machbarkeitsstudien\/#primaryimage","url":"https:\/\/www.lhc-consulting.de\/wp-content\/uploads\/2023\/06\/WEB-AdobeStock_102970046-300x166-1.jpg","contentUrl":"https:\/\/www.lhc-consulting.de\/wp-content\/uploads\/2023\/06\/WEB-AdobeStock_102970046-300x166-1.jpg"},{"@type":"BreadcrumbList","@id":"https:\/\/www.lhc-consulting.de\/leistungen\/markt-und-machbarkeitsstudien\/#breadcrumb","itemListElement":[{"@type":"ListItem","position":1,"name":"Home","item":"https:\/\/www.lhc-consulting.de\/es\/"},{"@type":"ListItem","position":2,"name":"Servicios","item":"https:\/\/www.lhc-consulting.de\/es\/servicios\/"},{"@type":"ListItem","position":3,"name":"Estudios de Mercado y Viabilidad"}]},{"@type":"WebSite","@id":"https:\/\/www.lhc-consulting.de\/#website","url":"https:\/\/www.lhc-consulting.de\/","name":"LHC Consulting","description":"Wir liefern den Erfolg f\u00fcr Ihr Hotel","publisher":{"@id":"https:\/\/www.lhc-consulting.de\/#organization"},"potentialAction":[{"@type":"SearchAction","target":{"@type":"EntryPoint","urlTemplate":"https:\/\/www.lhc-consulting.de\/?s={search_term_string}"},"query-input":{"@type":"PropertyValueSpecification","valueRequired":true,"valueName":"search_term_string"}}],"inLanguage":"es"},{"@type":"Organization","@id":"https:\/\/www.lhc-consulting.de\/#organization","name":"LHC Consulting","url":"https:\/\/www.lhc-consulting.de\/","logo":{"@type":"ImageObject","inLanguage":"es","@id":"https:\/\/www.lhc-consulting.de\/#\/schema\/logo\/image\/","url":"https:\/\/www.lhc-consulting.de\/wp-content\/uploads\/2023\/06\/lhc-consulting-lindenau-logo.png","contentUrl":"https:\/\/www.lhc-consulting.de\/wp-content\/uploads\/2023\/06\/lhc-consulting-lindenau-logo.png","width":500,"height":218,"caption":"LHC Consulting"},"image":{"@id":"https:\/\/www.lhc-consulting.de\/#\/schema\/logo\/image\/"},"sameAs":["https:\/\/www.facebook.com\/profile.php?id=100087898374630","https:\/\/www.instagram.com\/lhc_consulting_\/?igshid=YmMyMTA2M2Y"]}]}},"_links":{"self":[{"href":"https:\/\/www.lhc-consulting.de\/es\/wp-json\/wp\/v2\/pages\/746","targetHints":{"allow":["GET"]}}],"collection":[{"href":"https:\/\/www.lhc-consulting.de\/es\/wp-json\/wp\/v2\/pages"}],"about":[{"href":"https:\/\/www.lhc-consulting.de\/es\/wp-json\/wp\/v2\/types\/page"}],"author":[{"embeddable":true,"href":"https:\/\/www.lhc-consulting.de\/es\/wp-json\/wp\/v2\/users\/1"}],"replies":[{"embeddable":true,"href":"https:\/\/www.lhc-consulting.de\/es\/wp-json\/wp\/v2\/comments?post=746"}],"version-history":[{"count":16,"href":"https:\/\/www.lhc-consulting.de\/es\/wp-json\/wp\/v2\/pages\/746\/revisions"}],"predecessor-version":[{"id":1787,"href":"https:\/\/www.lhc-consulting.de\/es\/wp-json\/wp\/v2\/pages\/746\/revisions\/1787"}],"up":[{"embeddable":true,"href":"https:\/\/www.lhc-consulting.de\/es\/wp-json\/wp\/v2\/pages\/700"}],"wp:attachment":[{"href":"https:\/\/www.lhc-consulting.de\/es\/wp-json\/wp\/v2\/media?parent=746"}],"curies":[{"name":"wp","href":"https:\/\/api.w.org\/{rel}","templated":true}]}}